{"id":237594,"date":"2024-06-14T11:35:48","date_gmt":"2024-06-14T11:35:48","guid":{"rendered":"https:\/\/adriateh.com\/alta\/?page_id=237594"},"modified":"2024-06-14T11:50:17","modified_gmt":"2024-06-14T11:50:17","slug":"contact-us","status":"publish","type":"page","link":"https:\/\/adriateh.com\/alta\/contact-us\/","title":{"rendered":"Contact us"},"content":{"rendered":"\t\t<div data-elementor-type=\"wp-page\" data-elementor-id=\"237594\" class=\"elementor elementor-237594\" data-elementor-post-type=\"page\">\n\t\t\t\t<div class=\"elementor-element elementor-element-f05dfec e-flex e-con-boxed e-con e-parent\" data-id=\"f05dfec\" data-element_type=\"container\" data-settings=\"{&quot;background_background&quot;:&quot;classic&quot;}\" data-core-v316-plus=\"true\">\n\t\t\t\t\t<div class=\"e-con-inner\">\n\t\t<div class=\"elementor-element elementor-element-8da2591 e-con-full e-flex e-con e-child\" data-id=\"8da2591\" data-element_type=\"container\">\n\t\t\t\t<div class=\"elementor-element elementor-element-769a3f7 elementor-widget elementor-widget-heading\" data-id=\"769a3f7\" data-element_type=\"widget\" data-widget_type=\"heading.default\">\n\t\t\t\t<div class=\"elementor-widget-container\">\n\t\t\t<style>\/*! elementor - v3.20.0 - 26-03-2024 *\/\n.elementor-heading-title{padding:0;margin:0;line-height:1}.elementor-widget-heading .elementor-heading-title[class*=elementor-size-]>a{color:inherit;font-size:inherit;line-height:inherit}.elementor-widget-heading .elementor-heading-title.elementor-size-small{font-size:15px}.elementor-widget-heading .elementor-heading-title.elementor-size-medium{font-size:19px}.elementor-widget-heading .elementor-heading-title.elementor-size-large{font-size:29px}.elementor-widget-heading .elementor-heading-title.elementor-size-xl{font-size:39px}.elementor-widget-heading .elementor-heading-title.elementor-size-xxl{font-size:59px}<\/style><h2 class=\"elementor-heading-title elementor-size-default\">\nGet in touch with us.<\/h2>\t\t<\/div>\n\t\t\t\t<\/div>\n\t\t\t\t<div class=\"elementor-element elementor-element-67e5a8f elementor-widget elementor-widget-text-editor\" data-id=\"67e5a8f\" data-element_type=\"widget\" data-widget_type=\"text-editor.default\">\n\t\t\t\t<div class=\"elementor-widget-container\">\n\t\t\t<style>\/*! elementor - v3.20.0 - 26-03-2024 *\/\n.elementor-widget-text-editor.elementor-drop-cap-view-stacked .elementor-drop-cap{background-color:#69727d;color:#fff}.elementor-widget-text-editor.elementor-drop-cap-view-framed .elementor-drop-cap{color:#69727d;border:3px solid;background-color:transparent}.elementor-widget-text-editor:not(.elementor-drop-cap-view-default) .elementor-drop-cap{margin-top:8px}.elementor-widget-text-editor:not(.elementor-drop-cap-view-default) .elementor-drop-cap-letter{width:1em;height:1em}.elementor-widget-text-editor .elementor-drop-cap{float:left;text-align:center;line-height:1;font-size:50px}.elementor-widget-text-editor .elementor-drop-cap-letter{display:inline-block}<\/style>\t\t\t\t<p>Our team will be happy to answer any of your questions. If you need a financial estimate for your new rollover, please click the Request a quote button.<\/p>\t\t\t\t\t\t<\/div>\n\t\t\t\t<\/div>\n\t\t\t\t<div class=\"elementor-element elementor-element-eb24d7f elementor-widget elementor-widget-spacer\" data-id=\"eb24d7f\" data-element_type=\"widget\" data-widget_type=\"spacer.default\">\n\t\t\t\t<div class=\"elementor-widget-container\">\n\t\t\t<style>\/*! elementor - v3.20.0 - 26-03-2024 *\/\n.elementor-column .elementor-spacer-inner{height:var(--spacer-size)}.e-con{--container-widget-width:100%}.e-con-inner>.elementor-widget-spacer,.e-con>.elementor-widget-spacer{width:var(--container-widget-width,var(--spacer-size));--align-self:var(--container-widget-align-self,initial);--flex-shrink:0}.e-con-inner>.elementor-widget-spacer>.elementor-widget-container,.e-con>.elementor-widget-spacer>.elementor-widget-container{height:100%;width:100%}.e-con-inner>.elementor-widget-spacer>.elementor-widget-container>.elementor-spacer,.e-con>.elementor-widget-spacer>.elementor-widget-container>.elementor-spacer{height:100%}.e-con-inner>.elementor-widget-spacer>.elementor-widget-container>.elementor-spacer>.elementor-spacer-inner,.e-con>.elementor-widget-spacer>.elementor-widget-container>.elementor-spacer>.elementor-spacer-inner{height:var(--container-widget-height,var(--spacer-size))}.e-con-inner>.elementor-widget-spacer.elementor-widget-empty,.e-con>.elementor-widget-spacer.elementor-widget-empty{position:relative;min-height:22px;min-width:22px}.e-con-inner>.elementor-widget-spacer.elementor-widget-empty .elementor-widget-empty-icon,.e-con>.elementor-widget-spacer.elementor-widget-empty .elementor-widget-empty-icon{position:absolute;top:0;bottom:0;left:0;right:0;margin:auto;padding:0;width:22px;height:22px}<\/style>\t\t<div class=\"elementor-spacer\">\n\t\t\t<div class=\"elementor-spacer-inner\"><\/div>\n\t\t<\/div>\n\t\t\t\t<\/div>\n\t\t\t\t<\/div>\n\t\t\t\t<\/div>\n\t\t<div class=\"elementor-element elementor-element-349889f e-con-full e-flex e-con e-child\" data-id=\"349889f\" data-element_type=\"container\">\n\t\t\t\t<\/div>\n\t\t\t\t\t<\/div>\n\t\t\t\t<\/div>\n\t\t<div class=\"elementor-element elementor-element-fc78709 e-flex e-con-boxed e-con e-parent\" data-id=\"fc78709\" data-element_type=\"container\" data-settings=\"{&quot;background_background&quot;:&quot;classic&quot;}\" data-core-v316-plus=\"true\">\n\t\t\t\t\t<div class=\"e-con-inner\">\n\t\t<div class=\"elementor-element elementor-element-8d19906 e-con-full e-flex e-con e-child\" data-id=\"8d19906\" data-element_type=\"container\">\n\t\t\t\t<div class=\"elementor-element elementor-element-5f04974 elementor-widget elementor-widget-heading\" data-id=\"5f04974\" data-element_type=\"widget\" data-widget_type=\"heading.default\">\n\t\t\t\t<div class=\"elementor-widget-container\">\n\t\t\t<h2 class=\"elementor-heading-title elementor-size-default\">Company information<\/h2>\t\t<\/div>\n\t\t\t\t<\/div>\n\t\t\t\t<div class=\"elementor-element elementor-element-0598158 elementor-widget elementor-widget-text-editor\" data-id=\"0598158\" data-element_type=\"widget\" data-widget_type=\"text-editor.default\">\n\t\t\t\t<div class=\"elementor-widget-container\">\n\t\t\t\t\t\t\tAdriateh d.o.o. <br>\nZagreba\u010dka ulica 2 <br>\n10431 Sveta Nedelja \u2013 Novaki <br>\nCroatia\n\ninfo@adriateh.hr <br>\n+ 385 1 333 5 120\t\t\t\t\t\t<\/div>\n\t\t\t\t<\/div>\n\t\t\t\t<div class=\"elementor-element elementor-element-1ce6f28 elementor-widget elementor-widget-spacer\" data-id=\"1ce6f28\" data-element_type=\"widget\" data-widget_type=\"spacer.default\">\n\t\t\t\t<div class=\"elementor-widget-container\">\n\t\t\t\t\t<div class=\"elementor-spacer\">\n\t\t\t<div class=\"elementor-spacer-inner\"><\/div>\n\t\t<\/div>\n\t\t\t\t<\/div>\n\t\t\t\t<\/div>\n\t\t\t\t<div class=\"elementor-element elementor-element-005eaf6 elementor-widget elementor-widget-text-editor\" data-id=\"005eaf6\" data-element_type=\"widget\" data-widget_type=\"text-editor.default\">\n\t\t\t\t<div class=\"elementor-widget-container\">\n\t\t\t\t\t\t\t<p>ADRIATEH limited liability company for representation, trade and services registered in the Commercial Court in Zagreb: Tt-15\/24008-4<br \/>MBS: 080136018<br \/>Share capital: HRK 6,378,000.00 paid in full.<br \/>President of the board: Vedran Noji\u0107,<br \/>Board members: Z. \u0160vraka, M. Krivi\u010di\u0107<br \/>PRIVREDNA BANKA ZAGREB dd:<br \/>HR4523400091110072075<br \/>ERSTE &amp; STEIERM\u00c4RKISCHE BANK dd: HR3924020061100060030<br \/>SWIFT: ESBCHR22 | Account no.: 1100060030<\/p>\t\t\t\t\t\t<\/div>\n\t\t\t\t<\/div>\n\t\t\t\t<\/div>\n\t\t<div class=\"elementor-element elementor-element-9506f88 e-con-full e-flex e-con e-child\" data-id=\"9506f88\" data-element_type=\"container\" data-settings=\"{&quot;background_background&quot;:&quot;classic&quot;}\">\n\t\t\t\t<div class=\"elementor-element elementor-element-becbbf7 elementor-widget elementor-widget-text-editor\" data-id=\"becbbf7\" data-element_type=\"widget\" data-widget_type=\"text-editor.default\">\n\t\t\t\t<div class=\"elementor-widget-container\">\n\t\t\t\t\t\t\t<div class=\"forminator-ui forminator-custom-form forminator-custom-form-231569 forminator-design--material  forminator_ajax\" data-forminator-render=\"0\" data-form=\"forminator-module-231569\" data-uid=\"69d7e044b256a\"><br\/><\/div><form\n\t\t\t\tid=\"forminator-module-231569\"\n\t\t\t\tclass=\"forminator-ui forminator-custom-form forminator-custom-form-231569 forminator-design--material  forminator_ajax\"\n\t\t\t\tmethod=\"post\"\n\t\t\t\tdata-forminator-render=\"0\"\n\t\t\t\tdata-form-id=\"231569\"\n\t\t\t\t\n\t\t\t\tdata-design=\"material\"\n\t\t\t\t\n\t\t\t\t\n\t\t\t\t\n\t\t\t\tdata-grid=\"open\"\n\t\t\t\t\n\t\t\t\t\n\t\t\t\tstyle=\"display: none;\"\n\t\t\t\t\n\t\t\t\tdata-uid=\"69d7e044b256a\"\n\t\t\t><div role=\"alert\" aria-live=\"polite\" class=\"forminator-response-message forminator-error\" aria-hidden=\"true\"><\/div><div class=\"forminator-row\"><div id=\"name-1\" class=\"forminator-field-name forminator-col forminator-col-6 \"><div class=\"forminator-field\"><label for=\"forminator-field-name-1_69d7e044b256a\" class=\"forminator-label\" id=\"forminator-field-name-1_69d7e044b256a-label\">Name<\/label><input type=\"text\" name=\"name-1\" value=\"\" placeholder=\"E.g. John Doe\" id=\"forminator-field-name-1_69d7e044b256a\" class=\"forminator-input forminator-name--field\" aria-required=\"false\" \/><\/div><\/div><div id=\"name-2\" class=\"forminator-field-name forminator-col forminator-col-6 \"><div class=\"forminator-field\"><label for=\"forminator-field-name-2_69d7e044b256a\" class=\"forminator-label\" id=\"forminator-field-name-2_69d7e044b256a-label\">Surname<\/label><input type=\"text\" name=\"name-2\" value=\"\" placeholder=\"E.g. John Doe\" id=\"forminator-field-name-2_69d7e044b256a\" class=\"forminator-input forminator-name--field\" aria-required=\"false\" \/><\/div><\/div><\/div><div class=\"forminator-row\"><div id=\"email-1\" class=\"forminator-field-email forminator-col forminator-col-6 \"><div class=\"forminator-field\"><label for=\"forminator-field-email-1_69d7e044b256a\" class=\"forminator-label\" id=\"forminator-field-email-1_69d7e044b256a-label\">Email Address<\/label><input type=\"email\" name=\"email-1\" value=\"\" placeholder=\"E.g. john@doe.com\" id=\"forminator-field-email-1_69d7e044b256a\" class=\"forminator-input forminator-email--field\" data-required=\"\" aria-required=\"false\" \/><\/div><\/div><div id=\"phone-1\" class=\"forminator-field-phone forminator-col forminator-col-6 \"><div class=\"forminator-field\"><label for=\"forminator-field-phone-1_69d7e044b256a\" class=\"forminator-label\" id=\"forminator-field-phone-1_69d7e044b256a-label\">Phone<\/label><input type=\"text\" name=\"phone-1\" value=\"\" placeholder=\"E.g. +1 300 400 5000\" id=\"forminator-field-phone-1_69d7e044b256a\" class=\"forminator-input forminator-field--phone\" data-required=\"\" aria-required=\"false\" autocomplete=\"off\" \/><\/div><\/div><\/div><div class=\"forminator-row\"><div id=\"text-1\" class=\"forminator-field-text forminator-col forminator-col-12 \"><div class=\"forminator-field\"><label for=\"forminator-field-text-1_69d7e044b256a\" class=\"forminator-label\" id=\"forminator-field-text-1_69d7e044b256a-label\">Company<\/label><input type=\"text\" name=\"text-1\" value=\"\" placeholder=\"Company name\" id=\"forminator-field-text-1_69d7e044b256a\" class=\"forminator-input forminator-name--field\" data-required=\"\" \/><\/div><\/div><\/div><div class=\"forminator-row\"><div id=\"textarea-1\" class=\"forminator-field-textarea forminator-col forminator-col-12 \"><div class=\"forminator-field\"><label for=\"forminator-field-textarea-1_69d7e044b256a\" id=\"forminator-field-textarea-1_69d7e044b256a-label\" class=\"forminator-label\">Text<\/label><textarea name=\"textarea-1\" placeholder=\"E.g. text placeholder\nYou can add new line\" id=\"forminator-field-textarea-1_69d7e044b256a\" class=\"forminator-textarea\" rows=\"6\" style=\"min-height:140px;\" ><\/textarea><\/div><\/div><\/div><div class=\"forminator-row\"><div id=\"consent-1\" class=\"forminator-field-consent forminator-col forminator-col-12 \"><div class=\"forminator-field\"><label for=\"forminator-field-consent-1_69d7e044b256a\" class=\"forminator-label\">Consent <span class=\"forminator-required\">*<\/span><\/label><div class=\"forminator-checkbox__wrapper\"><label for=\"forminator-field-consent-1_69d7e044b256a\" id=\"forminator-field-consent-1_69d7e044b256a__label\" class=\"forminator-checkbox forminator-consent\" style=\"margin: 0;\"><input type=\"checkbox\" name=\"consent-1\" id=\"forminator-field-consent-1_69d7e044b256a\" value=\"checked\" aria-labelledby=\"forminator-field-consent-1_69d7e044b256a-label\" aria-describedby=\"forminator-field-consent-1_69d7e044b256a__description\" data-required=\"true\" aria-required=\"true\" \/><span class=\"forminator-checkbox-box\" aria-hidden=\"true\"><\/span><\/label><div id=\"forminator-field-consent-1_69d7e044b256a__description\" class=\"forminator-checkbox__label forminator-consent__label\">Yes, I agree with the <a href=\"#\" target=\"_blank\">privacy policy<\/a> and <a href=\"#\" target=\"_blank\">terms and conditions<\/a>.<\/div><\/div><\/div><\/div><\/div><input type=\"hidden\" name=\"referer_url\" value=\"\" \/><div class=\"forminator-row forminator-row-last\"><div class=\"forminator-col\"><div class=\"forminator-field\"><button class=\"forminator-button forminator-button-submit\"><span>Send Message<\/span><span aria-hidden=\"true\"><\/span><\/button><\/div><\/div><\/div><input type=\"hidden\" id=\"forminator_nonce\" name=\"forminator_nonce\" value=\"dfd3bfce7b\" \/><input type=\"hidden\" name=\"_wp_http_referer\" value=\"\/alta\/wp-json\/wp\/v2\/pages\/237594\" \/><input type=\"hidden\" name=\"form_id\" value=\"231569\"><input type=\"hidden\" name=\"page_id\" value=\"237594\"><input type=\"hidden\" name=\"form_type\" value=\"default\"><input type=\"hidden\" name=\"current_url\" value=\"https:\/\/adriateh.com\/alta\/contact-us\/\"><input type=\"hidden\" name=\"render_id\" value=\"0\"><input type=\"hidden\" name=\"action\" value=\"forminator_submit_form_custom-forms\"><\/form>\t\t\t\t\t\t<\/div>\n\t\t\t\t<\/div>\n\t\t\t\t<\/div>\n\t\t\t\t\t<\/div>\n\t\t\t\t<\/div>\n\t\t\t\t<\/div>\n\t\t","protected":false},"excerpt":{"rendered":"<p>Get in touch with us. Our team will be happy to answer any of your questions. If you need a financial estimate for your new rollover, please click the Request a quote button. Company information Adriateh d.o.o. Zagreba\u010dka ulica 2 10431 Sveta Nedelja \u2013 Novaki Croatia info@adriateh.hr + 385 1 333 5 120 ADRIATEH limited &hellip;<\/p>\n<p class=\"read-more\"> <a class=\"\" href=\"https:\/\/adriateh.com\/alta\/contact-us\/\"> <span class=\"screen-reader-text\">Contact us<\/span> Read More &raquo;<\/a><\/p>\n","protected":false},"author":1,"featured_media":0,"parent":0,"menu_order":0,"comment_status":"closed","ping_status":"closed","template":"","meta":{"site-sidebar-layout":"no-sidebar","site-content-layout":"","ast-site-content-layout":"full-width-container","site-content-style":"default","site-sidebar-style":"default","ast-global-header-display":"","ast-banner-title-visibility":"","ast-main-header-display":"","ast-hfb-above-header-display":"","ast-hfb-below-header-display":"","ast-hfb-mobile-header-display":"","site-post-title":"disabled","ast-breadcrumbs-content":"","ast-featured-img":"disabled","footer-sml-layout":"","theme-transparent-header-meta":"","adv-header-id-meta":"","stick-header-meta":"","header-above-stick-meta":"","header-main-stick-meta":"","header-below-stick-meta":"","astra-migrate-meta-layouts":"default","ast-page-background-enabled":"default","ast-page-background-meta":{"desktop":{"background-color":"var(--ast-global-color-4)","background-image":"","background-repeat":"repeat","background-position":"center center","background-size":"auto","background-attachment":"scroll","background-type":"","background-media":"","overlay-type":"","overlay-color":"","overlay-gradient":""},"tablet":{"background-color":"","background-image":"","background-repeat":"repeat","background-position":"center center","background-size":"auto","background-attachment":"scroll","background-type":"","background-media":"","overlay-type":"","overlay-color":"","overlay-gradient":""},"mobile":{"background-color":"","background-image":"","background-repeat":"repeat","background-position":"center center","background-size":"auto","background-attachment":"scroll","background-type":"","background-media":"","overlay-type":"","overlay-color":"","overlay-gradient":""}},"ast-content-background-meta":{"desktop":{"background-color":"var(--ast-global-color-5)","background-image":"","background-repeat":"repeat","background-position":"center center","background-size":"auto","background-attachment":"scroll","background-type":"","background-media":"","overlay-type":"","overlay-color":"","overlay-gradient":""},"tablet":{"background-color":"var(--ast-global-color-5)","background-image":"","background-repeat":"repeat","background-position":"center center","background-size":"auto","background-attachment":"scroll","background-type":"","background-media":"","overlay-type":"","overlay-color":"","overlay-gradient":""},"mobile":{"background-color":"var(--ast-global-color-5)","background-image":"","background-repeat":"repeat","background-position":"center center","background-size":"auto","background-attachment":"scroll","background-type":"","background-media":"","overlay-type":"","overlay-color":"","overlay-gradient":""}},"footnotes":""},"class_list":["post-237594","page","type-page","status-publish","hentry"],"acf":[],"yoast_head":"<!-- This site is optimized with the Yoast SEO Premium plugin v23.0 (Yoast SEO v23.0) - https:\/\/yoast.com\/wordpress\/plugins\/seo\/ -->\n<title>Contact us - Alta Pro<\/title>\n<meta name=\"robots\" content=\"index, follow, max-snippet:-1, max-image-preview:large, max-video-preview:-1\" \/>\n<link rel=\"canonical\" href=\"https:\/\/adriateh.com\/alta\/contact-us\/\" \/>\n<meta property=\"og:locale\" content=\"en_US\" \/>\n<meta property=\"og:type\" content=\"article\" \/>\n<meta property=\"og:title\" content=\"Contact us\" \/>\n<meta property=\"og:description\" content=\"Get in touch with us. Our team will be happy to answer any of your questions. If you need a financial estimate for your new rollover, please click the Request a quote button. Company information Adriateh d.o.o. Zagreba\u010dka ulica 2 10431 Sveta Nedelja \u2013 Novaki Croatia info@adriateh.hr + 385 1 333 5 120 ADRIATEH limited &hellip; Contact us Read More &raquo;\" \/>\n<meta property=\"og:url\" content=\"https:\/\/adriateh.com\/alta\/contact-us\/\" \/>\n<meta property=\"og:site_name\" content=\"Alta Pro\" \/>\n<meta property=\"article:modified_time\" content=\"2024-06-14T11:50:17+00:00\" \/>\n<meta name=\"twitter:card\" content=\"summary_large_image\" \/>\n<meta name=\"twitter:label1\" content=\"Est. reading time\" \/>\n\t<meta name=\"twitter:data1\" content=\"1 minute\" \/>\n<script type=\"application\/ld+json\" class=\"yoast-schema-graph\">{\"@context\":\"https:\/\/schema.org\",\"@graph\":[{\"@type\":\"WebPage\",\"@id\":\"https:\/\/adriateh.com\/alta\/contact-us\/\",\"url\":\"https:\/\/adriateh.com\/alta\/contact-us\/\",\"name\":\"Contact us - Alta Pro\",\"isPartOf\":{\"@id\":\"https:\/\/adriateh.com\/alta\/#website\"},\"datePublished\":\"2024-06-14T11:35:48+00:00\",\"dateModified\":\"2024-06-14T11:50:17+00:00\",\"breadcrumb\":{\"@id\":\"https:\/\/adriateh.com\/alta\/contact-us\/#breadcrumb\"},\"inLanguage\":\"en-US\",\"potentialAction\":[{\"@type\":\"ReadAction\",\"target\":[\"https:\/\/adriateh.com\/alta\/contact-us\/\"]}]},{\"@type\":\"BreadcrumbList\",\"@id\":\"https:\/\/adriateh.com\/alta\/contact-us\/#breadcrumb\",\"itemListElement\":[{\"@type\":\"ListItem\",\"position\":1,\"name\":\"Home\",\"item\":\"https:\/\/adriateh.com\/alta\/\"},{\"@type\":\"ListItem\",\"position\":2,\"name\":\"Contact us\"}]},{\"@type\":\"WebSite\",\"@id\":\"https:\/\/adriateh.com\/alta\/#website\",\"url\":\"https:\/\/adriateh.com\/alta\/\",\"name\":\"Alta Pro\",\"description\":\"Automatic wash system\",\"publisher\":{\"@id\":\"https:\/\/adriateh.com\/alta\/#organization\"},\"potentialAction\":[{\"@type\":\"SearchAction\",\"target\":{\"@type\":\"EntryPoint\",\"urlTemplate\":\"https:\/\/adriateh.com\/alta\/?s={search_term_string}\"},\"query-input\":\"required name=search_term_string\"}],\"inLanguage\":\"en-US\"},{\"@type\":\"Organization\",\"@id\":\"https:\/\/adriateh.com\/alta\/#organization\",\"name\":\"Alta Pro\",\"url\":\"https:\/\/adriateh.com\/alta\/\",\"logo\":{\"@type\":\"ImageObject\",\"inLanguage\":\"en-US\",\"@id\":\"https:\/\/adriateh.com\/alta\/#\/schema\/logo\/image\/\",\"url\":\"https:\/\/adriateh.com\/alta\/wp-content\/uploads\/2023\/11\/cropped-cropped-bl300-1.png\",\"contentUrl\":\"https:\/\/adriateh.com\/alta\/wp-content\/uploads\/2023\/11\/cropped-cropped-bl300-1.png\",\"width\":300,\"height\":21,\"caption\":\"Alta Pro\"},\"image\":{\"@id\":\"https:\/\/adriateh.com\/alta\/#\/schema\/logo\/image\/\"}}]}<\/script>\n<!-- \/ Yoast SEO Premium plugin. -->","yoast_head_json":{"title":"Contact us - Alta Pro","robots":{"index":"index","follow":"follow","max-snippet":"max-snippet:-1","max-image-preview":"max-image-preview:large","max-video-preview":"max-video-preview:-1"},"canonical":"https:\/\/adriateh.com\/alta\/contact-us\/","og_locale":"en_US","og_type":"article","og_title":"Contact us","og_description":"Get in touch with us. Our team will be happy to answer any of your questions. If you need a financial estimate for your new rollover, please click the Request a quote button. Company information Adriateh d.o.o. Zagreba\u010dka ulica 2 10431 Sveta Nedelja \u2013 Novaki Croatia info@adriateh.hr + 385 1 333 5 120 ADRIATEH limited &hellip; Contact us Read More &raquo;","og_url":"https:\/\/adriateh.com\/alta\/contact-us\/","og_site_name":"Alta Pro","article_modified_time":"2024-06-14T11:50:17+00:00","twitter_card":"summary_large_image","twitter_misc":{"Est. reading time":"1 minute"},"schema":{"@context":"https:\/\/schema.org","@graph":[{"@type":"WebPage","@id":"https:\/\/adriateh.com\/alta\/contact-us\/","url":"https:\/\/adriateh.com\/alta\/contact-us\/","name":"Contact us - Alta Pro","isPartOf":{"@id":"https:\/\/adriateh.com\/alta\/#website"},"datePublished":"2024-06-14T11:35:48+00:00","dateModified":"2024-06-14T11:50:17+00:00","breadcrumb":{"@id":"https:\/\/adriateh.com\/alta\/contact-us\/#breadcrumb"},"inLanguage":"en-US","potentialAction":[{"@type":"ReadAction","target":["https:\/\/adriateh.com\/alta\/contact-us\/"]}]},{"@type":"BreadcrumbList","@id":"https:\/\/adriateh.com\/alta\/contact-us\/#breadcrumb","itemListElement":[{"@type":"ListItem","position":1,"name":"Home","item":"https:\/\/adriateh.com\/alta\/"},{"@type":"ListItem","position":2,"name":"Contact us"}]},{"@type":"WebSite","@id":"https:\/\/adriateh.com\/alta\/#website","url":"https:\/\/adriateh.com\/alta\/","name":"Alta Pro","description":"Automatic wash system","publisher":{"@id":"https:\/\/adriateh.com\/alta\/#organization"},"potentialAction":[{"@type":"SearchAction","target":{"@type":"EntryPoint","urlTemplate":"https:\/\/adriateh.com\/alta\/?s={search_term_string}"},"query-input":"required name=search_term_string"}],"inLanguage":"en-US"},{"@type":"Organization","@id":"https:\/\/adriateh.com\/alta\/#organization","name":"Alta Pro","url":"https:\/\/adriateh.com\/alta\/","logo":{"@type":"ImageObject","inLanguage":"en-US","@id":"https:\/\/adriateh.com\/alta\/#\/schema\/logo\/image\/","url":"https:\/\/adriateh.com\/alta\/wp-content\/uploads\/2023\/11\/cropped-cropped-bl300-1.png","contentUrl":"https:\/\/adriateh.com\/alta\/wp-content\/uploads\/2023\/11\/cropped-cropped-bl300-1.png","width":300,"height":21,"caption":"Alta Pro"},"image":{"@id":"https:\/\/adriateh.com\/alta\/#\/schema\/logo\/image\/"}}]}},"_links":{"self":[{"href":"https:\/\/adriateh.com\/alta\/wp-json\/wp\/v2\/pages\/237594","targetHints":{"allow":["GET"]}}],"collection":[{"href":"https:\/\/adriateh.com\/alta\/wp-json\/wp\/v2\/pages"}],"about":[{"href":"https:\/\/adriateh.com\/alta\/wp-json\/wp\/v2\/types\/page"}],"author":[{"embeddable":true,"href":"https:\/\/adriateh.com\/alta\/wp-json\/wp\/v2\/users\/1"}],"replies":[{"embeddable":true,"href":"https:\/\/adriateh.com\/alta\/wp-json\/wp\/v2\/comments?post=237594"}],"version-history":[{"count":52,"href":"https:\/\/adriateh.com\/alta\/wp-json\/wp\/v2\/pages\/237594\/revisions"}],"predecessor-version":[{"id":237646,"href":"https:\/\/adriateh.com\/alta\/wp-json\/wp\/v2\/pages\/237594\/revisions\/237646"}],"wp:attachment":[{"href":"https:\/\/adriateh.com\/alta\/wp-json\/wp\/v2\/media?parent=237594"}],"curies":[{"name":"wp","href":"https:\/\/api.w.org\/{rel}","templated":true}]}}