{"id":5218,"date":"2022-06-20T22:38:13","date_gmt":"2022-06-20T20:38:13","guid":{"rendered":"https:\/\/adriateh.com\/dankeschoen\/"},"modified":"2026-01-20T14:26:38","modified_gmt":"2026-01-20T13:26:38","slug":"dankeschoen","status":"publish","type":"page","link":"https:\/\/adriateh.com\/de\/kontakt\/dankeschoen\/","title":{"rendered":"Dankesch\u00f6n"},"content":{"rendered":"<p>[et_pb_section fb_built=&#8220;1&#8243; custom_padding_last_edited=&#8220;on|desktop&#8220; module_class=&#8220;video-overlay&#8220; _builder_version=&#8220;4.17.3&#8243; _module_preset=&#8220;default&#8220; background_enable_color=&#8220;off&#8220; background_enable_image=&#8220;off&#8220; background_blend=&#8220;overlay&#8220; background_video_mp4=&#8220;https:\/\/adriateh.com\/wp-content\/uploads\/2022\/06\/Video-ver.6-1080-low-.mp4&#8243; background_video_webm=&#8220;https:\/\/adriateh.com\/wp-content\/uploads\/2022\/06\/Video-ver.6-1080-low-.mp4&#8243; allow_player_pause=&#8220;on&#8220; custom_padding=&#8220;371px||333px|||&#8220; custom_padding_tablet=&#8220;250px||240px|||&#8220; custom_padding_phone=&#8220;250px||240px|||&#8220; locked=&#8220;off&#8220; global_colors_info=&#8220;{}&#8220;][et_pb_row _builder_version=&#8220;4.17.3&#8243; _module_preset=&#8220;default&#8220; global_colors_info=&#8220;{}&#8220;][et_pb_column type=&#8220;4_4&#8243; _builder_version=&#8220;4.17.3&#8243; _module_preset=&#8220;default&#8220; global_colors_info=&#8220;{}&#8220;][et_pb_text _builder_version=&#8220;4.17.3&#8243; _module_preset=&#8220;default&#8220; text_text_color=&#8220;#FFFFFF&#8220; header_text_color=&#8220;#FFFFFF&#8220; header_font_size=&#8220;35px&#8220; hover_enabled=&#8220;0&#8243; global_colors_info=&#8220;{}&#8220; sticky_enabled=&#8220;0&#8243;]<\/p>\n<h1>Vielen Dank f\u00fcr Ihre Nachricht!<\/h1>\n<p>Wir werden Sie so schnell wie m\u00f6glich kontaktieren!<\/p>\n<p>[\/et_pb_text][et_pb_button button_url=&#8220;@ET-DC@eyJkeW5hbWljIjp0cnVlLCJjb250ZW50IjoiaG9tZV91cmwiLCJzZXR0aW5ncyI6W119@&#8220; button_text=&#8220;Homepage&#8220; button_alignment_tablet=&#8220;center&#8220; button_alignment_phone=&#8220;center&#8220; button_alignment_last_edited=&#8220;on|tablet&#8220; _builder_version=&#8220;4.17.3&#8243; _dynamic_attributes=&#8220;button_url&#8220; _module_preset=&#8220;default&#8220; custom_button=&#8220;on&#8220; button_text_size=&#8220;18px&#8220; button_text_color=&#8220;#FFFFFF&#8220; button_bg_color=&#8220;#cd2234&#8243; button_border_width=&#8220;0px&#8220; button_border_radius=&#8220;0px&#8220; button_font=&#8220;||||||||&#8220; button_use_icon=&#8220;off&#8220; custom_padding=&#8220;14px|24px|14px|24px|true|true&#8220; button_text_size_tablet=&#8220;&#8220; button_text_size_phone=&#8220;14px&#8220; button_text_size_last_edited=&#8220;on|phone&#8220; custom_css_main_element=&#8220;width:100%;||text-align:center!important;||&#8220; box_shadow_style=&#8220;preset3&#8243; locked=&#8220;off&#8220; global_colors_info=&#8220;{}&#8220; button_bg_color__hover_enabled=&#8220;on|hover&#8220; button_bg_color__hover=&#8220;#000000&#8243; button_bg_enable_color__hover=&#8220;on&#8220;][\/et_pb_button][\/et_pb_column][\/et_pb_row][\/et_pb_section]<\/p>\n","protected":false},"excerpt":{"rendered":"<p>Vielen Dank f\u00fcr Ihre Nachricht! Wir werden Sie so schnell wie m\u00f6glich kontaktieren!<\/p>\n","protected":false},"author":3,"featured_media":0,"parent":6146,"menu_order":0,"comment_status":"closed","ping_status":"closed","template":"","meta":{"_et_pb_use_builder":"on","_et_pb_old_content":"","_et_gb_content_width":"","content-type":"","footnotes":""},"class_list":["post-5218","page","type-page","status-publish","hentry"],"acf":[],"yoast_head":"<!-- This site is optimized with the Yoast SEO plugin v20.11 - https:\/\/yoast.com\/wordpress\/plugins\/seo\/ -->\n<title>Dankesch\u00f6n - Adriateh<\/title>\n<meta name=\"robots\" content=\"index, follow, max-snippet:-1, max-image-preview:large, max-video-preview:-1\" \/>\n<link rel=\"canonical\" href=\"https:\/\/adriateh.com\/de\/kontakt\/dankeschoen\/\" \/>\n<meta property=\"og:locale\" content=\"de_DE\" \/>\n<meta property=\"og:type\" content=\"article\" \/>\n<meta property=\"og:title\" content=\"Dankesch\u00f6n - Adriateh\" \/>\n<meta property=\"og:description\" content=\"Vielen Dank f\u00fcr Ihre Nachricht! Wir werden Sie so schnell wie m\u00f6glich kontaktieren!\" \/>\n<meta property=\"og:url\" content=\"https:\/\/adriateh.com\/de\/kontakt\/dankeschoen\/\" \/>\n<meta property=\"og:site_name\" content=\"Adriateh\" \/>\n<meta property=\"article:modified_time\" content=\"2026-01-20T13:26:38+00:00\" \/>\n<meta name=\"twitter:card\" content=\"summary_large_image\" \/>\n<meta name=\"twitter:label1\" content=\"Gesch\u00e4tzte Lesezeit\" \/>\n\t<meta name=\"twitter:data1\" content=\"1\u00a0Minute\" \/>\n<script type=\"application\/ld+json\" class=\"yoast-schema-graph\">{\"@context\":\"https:\/\/schema.org\",\"@graph\":[{\"@type\":\"WebPage\",\"@id\":\"https:\/\/adriateh.com\/de\/kontakt\/dankeschoen\/\",\"url\":\"https:\/\/adriateh.com\/de\/kontakt\/dankeschoen\/\",\"name\":\"Dankesch\u00f6n - Adriateh\",\"isPartOf\":{\"@id\":\"https:\/\/adriateh.com\/de\/#website\"},\"datePublished\":\"2022-06-20T20:38:13+00:00\",\"dateModified\":\"2026-01-20T13:26:38+00:00\",\"breadcrumb\":{\"@id\":\"https:\/\/adriateh.com\/de\/kontakt\/dankeschoen\/#breadcrumb\"},\"inLanguage\":\"de\",\"potentialAction\":[{\"@type\":\"ReadAction\",\"target\":[\"https:\/\/adriateh.com\/de\/kontakt\/dankeschoen\/\"]}]},{\"@type\":\"BreadcrumbList\",\"@id\":\"https:\/\/adriateh.com\/de\/kontakt\/dankeschoen\/#breadcrumb\",\"itemListElement\":[{\"@type\":\"ListItem\",\"position\":1,\"name\":\"Home\",\"item\":\"https:\/\/adriateh.com\/de\/\"},{\"@type\":\"ListItem\",\"position\":2,\"name\":\"Kontakt\",\"item\":\"https:\/\/adriateh.com\/de\/kontakt\/\"},{\"@type\":\"ListItem\",\"position\":3,\"name\":\"Dankesch\u00f6n\"}]},{\"@type\":\"WebSite\",\"@id\":\"https:\/\/adriateh.com\/de\/#website\",\"url\":\"https:\/\/adriateh.com\/de\/\",\"name\":\"Adriateh\",\"description\":\"Car Wash Manufacturing Company: Where Technology Meets Art.\",\"potentialAction\":[{\"@type\":\"SearchAction\",\"target\":{\"@type\":\"EntryPoint\",\"urlTemplate\":\"https:\/\/adriateh.com\/de\/?s={search_term_string}\"},\"query-input\":\"required name=search_term_string\"}],\"inLanguage\":\"de\"}]}<\/script>\n<!-- \/ Yoast SEO plugin. -->","yoast_head_json":{"title":"Dankesch\u00f6n - Adriateh","robots":{"index":"index","follow":"follow","max-snippet":"max-snippet:-1","max-image-preview":"max-image-preview:large","max-video-preview":"max-video-preview:-1"},"canonical":"https:\/\/adriateh.com\/de\/kontakt\/dankeschoen\/","og_locale":"de_DE","og_type":"article","og_title":"Dankesch\u00f6n - Adriateh","og_description":"Vielen Dank f\u00fcr Ihre Nachricht! Wir werden Sie so schnell wie m\u00f6glich kontaktieren!","og_url":"https:\/\/adriateh.com\/de\/kontakt\/dankeschoen\/","og_site_name":"Adriateh","article_modified_time":"2026-01-20T13:26:38+00:00","twitter_card":"summary_large_image","twitter_misc":{"Gesch\u00e4tzte Lesezeit":"1\u00a0Minute"},"schema":{"@context":"https:\/\/schema.org","@graph":[{"@type":"WebPage","@id":"https:\/\/adriateh.com\/de\/kontakt\/dankeschoen\/","url":"https:\/\/adriateh.com\/de\/kontakt\/dankeschoen\/","name":"Dankesch\u00f6n - Adriateh","isPartOf":{"@id":"https:\/\/adriateh.com\/de\/#website"},"datePublished":"2022-06-20T20:38:13+00:00","dateModified":"2026-01-20T13:26:38+00:00","breadcrumb":{"@id":"https:\/\/adriateh.com\/de\/kontakt\/dankeschoen\/#breadcrumb"},"inLanguage":"de","potentialAction":[{"@type":"ReadAction","target":["https:\/\/adriateh.com\/de\/kontakt\/dankeschoen\/"]}]},{"@type":"BreadcrumbList","@id":"https:\/\/adriateh.com\/de\/kontakt\/dankeschoen\/#breadcrumb","itemListElement":[{"@type":"ListItem","position":1,"name":"Home","item":"https:\/\/adriateh.com\/de\/"},{"@type":"ListItem","position":2,"name":"Kontakt","item":"https:\/\/adriateh.com\/de\/kontakt\/"},{"@type":"ListItem","position":3,"name":"Dankesch\u00f6n"}]},{"@type":"WebSite","@id":"https:\/\/adriateh.com\/de\/#website","url":"https:\/\/adriateh.com\/de\/","name":"Adriateh","description":"Car Wash Manufacturing Company: Where Technology Meets Art.","potentialAction":[{"@type":"SearchAction","target":{"@type":"EntryPoint","urlTemplate":"https:\/\/adriateh.com\/de\/?s={search_term_string}"},"query-input":"required name=search_term_string"}],"inLanguage":"de"}]}},"_links":{"self":[{"href":"https:\/\/adriateh.com\/de\/wp-json\/wp\/v2\/pages\/5218","targetHints":{"allow":["GET"]}}],"collection":[{"href":"https:\/\/adriateh.com\/de\/wp-json\/wp\/v2\/pages"}],"about":[{"href":"https:\/\/adriateh.com\/de\/wp-json\/wp\/v2\/types\/page"}],"author":[{"embeddable":true,"href":"https:\/\/adriateh.com\/de\/wp-json\/wp\/v2\/users\/3"}],"replies":[{"embeddable":true,"href":"https:\/\/adriateh.com\/de\/wp-json\/wp\/v2\/comments?post=5218"}],"version-history":[{"count":2,"href":"https:\/\/adriateh.com\/de\/wp-json\/wp\/v2\/pages\/5218\/revisions"}],"predecessor-version":[{"id":5229,"href":"https:\/\/adriateh.com\/de\/wp-json\/wp\/v2\/pages\/5218\/revisions\/5229"}],"up":[{"embeddable":true,"href":"https:\/\/adriateh.com\/de\/wp-json\/wp\/v2\/pages\/6146"}],"wp:attachment":[{"href":"https:\/\/adriateh.com\/de\/wp-json\/wp\/v2\/media?parent=5218"}],"curies":[{"name":"wp","href":"https:\/\/api.w.org\/{rel}","templated":true}]}}