{"id":5478,"date":"2024-09-19T13:23:45","date_gmt":"2024-09-19T11:23:45","guid":{"rendered":"https:\/\/adriateh.com\/sscw-zubehoer-sonderpreisangebot\/"},"modified":"2025-11-06T11:40:54","modified_gmt":"2025-11-06T10:40:54","slug":"sscw-zubehoer-sonderpreisangebot","status":"publish","type":"page","link":"https:\/\/adriateh.com\/de\/sscw-zubehoer-sonderpreisangebot\/","title":{"rendered":"SSCW Zubeh\u00f6r &#8211; Sonderpreisangebot"},"content":{"rendered":"<p>[et_pb_section fb_built=&#8220;1&#8243; _builder_version=&#8220;4.17.3&#8243; _module_preset=&#8220;default&#8220; background_color=&#8220;#E02B20&#8243; custom_margin=&#8220;||||false|false&#8220; custom_padding=&#8220;||||false|false&#8220; global_colors_info=&#8220;{}&#8220;][et_pb_row column_structure=&#8220;3_5,2_5&#8243; _builder_version=&#8220;4.17.3&#8243; _module_preset=&#8220;default&#8220; custom_margin=&#8220;100px|auto||auto|false|false&#8220; global_colors_info=&#8220;{}&#8220;][et_pb_column type=&#8220;3_5&#8243; _builder_version=&#8220;4.17.3&#8243; _module_preset=&#8220;default&#8220; global_colors_info=&#8220;{}&#8220;][et_pb_text _builder_version=&#8220;4.17.3&#8243; _module_preset=&#8220;default&#8220; text_text_color=&#8220;#FFFFFF&#8220; global_colors_info=&#8220;{}&#8220;]<\/p>\n<h1><span style=\"color: #ffffff;\">Spezial-Rabattangebot<\/span><\/h1>\n<h2><span style=\"color: #ffffff;\">SSCW Zubeh\u00f6r<\/p>\n<p><\/span><\/h2>\n<p>G\u00fcltig vom 1. Oktober bis 19. Dezember 2024<span style=\"color: #ffffff;\"><\/span><\/p>\n<p><span style=\"color: #ffffff;\"><\/span><\/p>\n<p>[\/et_pb_text][\/et_pb_column][et_pb_column type=&#8220;2_5&#8243; _builder_version=&#8220;4.17.3&#8243; _module_preset=&#8220;default&#8220; global_colors_info=&#8220;{}&#8220;][\/et_pb_column][\/et_pb_row][\/et_pb_section][et_pb_section fb_built=&#8220;1&#8243; _builder_version=&#8220;4.17.3&#8243; _module_preset=&#8220;default&#8220; background_color=&#8220;#FFFFFF&#8220; locked=&#8220;off&#8220; global_colors_info=&#8220;{}&#8220;][et_pb_row column_structure=&#8220;1_3,2_3&#8243; _builder_version=&#8220;4.17.3&#8243; _module_preset=&#8220;default&#8220; global_colors_info=&#8220;{}&#8220;][et_pb_column type=&#8220;1_3&#8243; _builder_version=&#8220;4.17.3&#8243; _module_preset=&#8220;default&#8220; global_colors_info=&#8220;{}&#8220;][et_pb_image src=&#8220;https:\/\/adriateh.com\/wp-content\/uploads\/2022\/05\/multique-3in1.png&#8220; title_text=&#8220;multique 3in1&#8243; _builder_version=&#8220;4.17.3&#8243; _module_preset=&#8220;default&#8220; global_colors_info=&#8220;{}&#8220;][\/et_pb_image][\/et_pb_column][et_pb_column type=&#8220;2_3&#8243; _builder_version=&#8220;4.17.3&#8243; _module_preset=&#8220;default&#8220; global_colors_info=&#8220;{}&#8220;][et_pb_text _builder_version=&#8220;4.17.3&#8243; _module_preset=&#8220;default&#8220; global_colors_info=&#8220;{}&#8220;]<\/p>\n<h2>Multiqe 5in1<\/h2>\n<p><strong>Funktionen:<\/strong><\/p>\n<ul>\n<li>3 kW Turbine f\u00fcr Staubsauger<\/li>\n<li>SC &#8211; Selbstreinigender Filter<\/li>\n<li>Innenraumduft<\/li>\n<li>Reifenputzer<\/li>\n<li>Luftgebl\u00e4se<\/li>\n<li>Integrierter Abfalleimer<\/li>\n<\/ul>\n<p><strong>Merkmale:<\/strong><\/p>\n<ul>\n<li>Reinigungsprogramm<br \/>Bedienung \u00fcber das ber\u00fchrungsempfindliche 5,7&#8243;-Display von Schneider<\/li>\n<li>M\u00fcnz-\/Token-Leser<br \/>f\u00fcr Zahlungen<\/li>\n<li>Schneider PLC<\/li>\n<\/ul>\n<h2><\/h2>\n<h2>Nur \u20ac4.860*<\/h2>\n<p>*Der Preis versteht sich ohne Transport, Installation, Kosten f\u00fcr die Aktivierung des Ger\u00e4ts und Mehrwertsteuer. Adriateh Standarddesign mit Funktionspiktogrammen. Gebrauchsanweisung in Englisch.  <\/p>\n<p>[\/et_pb_text][et_pb_button button_url=&#8220;https:\/\/adriateh.com\/de\/?page_id=5478&amp;et_fb=1&amp;PageSpeed=off&#8220; button_text=&#8220;Eine Anfrage senden&#8220; button_alignment_tablet=&#8220;center&#8220; button_alignment_phone=&#8220;center&#8220; button_alignment_last_edited=&#8220;on|tablet&#8220; module_class=&#8220;popmake-4297\t&#8220; _builder_version=&#8220;4.17.3&#8243; _module_preset=&#8220;default&#8220; custom_button=&#8220;on&#8220; button_text_size=&#8220;18px&#8220; button_text_color=&#8220;#FFFFFF&#8220; button_bg_color=&#8220;#cd2234&#8243; button_border_width=&#8220;0px&#8220; button_border_radius=&#8220;0px&#8220; button_font=&#8220;||||||||&#8220; button_use_icon=&#8220;off&#8220; custom_padding=&#8220;14px|24px|14px|24px|true|true&#8220; hover_enabled=&#8220;0&#8243; button_text_size_tablet=&#8220;&#8220; button_text_size_phone=&#8220;14px&#8220; button_text_size_last_edited=&#8220;on|phone&#8220; global_colors_info=&#8220;{}&#8220; sticky_enabled=&#8220;0&#8243;][\/et_pb_button][\/et_pb_column][\/et_pb_row][\/et_pb_section][et_pb_section fb_built=&#8220;1&#8243; _builder_version=&#8220;4.17.3&#8243; _module_preset=&#8220;default&#8220; background_color=&#8220;#f8f9fa&#8220; locked=&#8220;off&#8220; global_colors_info=&#8220;{}&#8220;][et_pb_row column_structure=&#8220;1_3,2_3&#8243; _builder_version=&#8220;4.17.3&#8243; _module_preset=&#8220;default&#8220; global_colors_info=&#8220;{}&#8220;][et_pb_column type=&#8220;1_3&#8243; _builder_version=&#8220;4.17.3&#8243; _module_preset=&#8220;default&#8220; global_colors_info=&#8220;{}&#8220;][et_pb_image src=&#8220;https:\/\/adriateh.com\/wp-content\/uploads\/2024\/09\/quado-sscw.png&#8220; title_text=&#8220;quado-sscw&#8220; _builder_version=&#8220;4.17.3&#8243; _module_preset=&#8220;default&#8220; width=&#8220;68%&#8220; global_colors_info=&#8220;{}&#8220;][\/et_pb_image][\/et_pb_column][et_pb_column type=&#8220;2_3&#8243; _builder_version=&#8220;4.17.3&#8243; _module_preset=&#8220;default&#8220; global_colors_info=&#8220;{}&#8220;][et_pb_text _builder_version=&#8220;4.17.3&#8243; _module_preset=&#8220;default&#8220; global_colors_info=&#8220;{}&#8220;]<\/p>\n<h2>Quado Staubsauger<\/h2>\n<p><strong>Funktionen:<\/strong><\/p>\n<ul>\n<li>3 kW Turbine f\u00fcr Staubsauger<\/li>\n<\/ul>\n<p><strong>Merkmale:<\/strong><\/p>\n<ul>\n<li>M\u00fcnz-\/Token-Leser<br \/>f\u00fcr Zahlungen<\/li>\n<\/ul>\n<p><strong>Upgrades:<\/strong><\/p>\n<ul>\n<li>Edelstahlfeder<br \/>Schlauchhalter<br \/>Preis: \u20ac150,00<\/li>\n<\/ul>\n<h2><\/h2>\n<h2>Nur \u20ac1.890*<\/h2>\n<p>*Der Preis versteht sich ohne Transport, Installation, Kosten f\u00fcr die Aktivierung des Ger\u00e4ts und Mehrwertsteuer. Adriateh Standarddesign mit Funktionspiktogrammen. Gebrauchsanweisung in Englisch.  <\/p>\n<p>[\/et_pb_text][et_pb_button button_url=&#8220;https:\/\/adriateh.com\/de\/?page_id=5478&amp;et_fb=1&amp;PageSpeed=off&#8220; button_text=&#8220;Eine Anfrage senden&#8220; button_alignment_tablet=&#8220;center&#8220; button_alignment_phone=&#8220;center&#8220; button_alignment_last_edited=&#8220;on|tablet&#8220; module_class=&#8220;popmake-4297\t&#8220; _builder_version=&#8220;4.17.3&#8243; _module_preset=&#8220;default&#8220; custom_button=&#8220;on&#8220; button_text_size=&#8220;18px&#8220; button_text_color=&#8220;#FFFFFF&#8220; button_bg_color=&#8220;#cd2234&#8243; button_border_width=&#8220;0px&#8220; button_border_radius=&#8220;0px&#8220; button_font=&#8220;||||||||&#8220; button_use_icon=&#8220;off&#8220; custom_padding=&#8220;14px|24px|14px|24px|true|true&#8220; hover_enabled=&#8220;0&#8243; button_text_size_tablet=&#8220;&#8220; button_text_size_phone=&#8220;14px&#8220; button_text_size_last_edited=&#8220;on|phone&#8220; global_colors_info=&#8220;{}&#8220; sticky_enabled=&#8220;0&#8243;][\/et_pb_button][\/et_pb_column][\/et_pb_row][\/et_pb_section][et_pb_section fb_built=&#8220;1&#8243; _builder_version=&#8220;4.17.3&#8243; _module_preset=&#8220;default&#8220; background_color=&#8220;#FFFFFF&#8220; locked=&#8220;off&#8220; global_colors_info=&#8220;{}&#8220;][et_pb_row column_structure=&#8220;1_3,2_3&#8243; _builder_version=&#8220;4.17.3&#8243; _module_preset=&#8220;default&#8220; global_colors_info=&#8220;{}&#8220;][et_pb_column type=&#8220;1_3&#8243; _builder_version=&#8220;4.17.3&#8243; _module_preset=&#8220;default&#8220; global_colors_info=&#8220;{}&#8220;][et_pb_image src=&#8220;https:\/\/adriateh.com\/wp-content\/uploads\/2024\/09\/accessories-flyer-2.jpg&#8220; title_text=&#8220;zubeh\u00f6r-flyer-2&#8243; _builder_version=&#8220;4.17.3&#8243; _module_preset=&#8220;default&#8220; global_colors_info=&#8220;{}&#8220;][\/et_pb_image][\/et_pb_column][et_pb_column type=&#8220;2_3&#8243; _builder_version=&#8220;4.17.3&#8243; _module_preset=&#8220;default&#8220; global_colors_info=&#8220;{}&#8220;][et_pb_text _builder_version=&#8220;4.17.3&#8243; _module_preset=&#8220;default&#8220; global_colors_info=&#8220;{}&#8220;]<\/p>\n<h2>Sonderpreisangebot<\/h2>\n<p>Unser exklusives Angebot gilt vom 1. Oktober bis zum 19. Dezember. Laden Sie unseren Flyer herunter und erfahren Sie mehr \u00fcber die Ger\u00e4te und Vorteile. <\/p>\n<p>[\/et_pb_text][et_pb_button button_url=&#8220;https:\/\/adriateh.com\/wp-content\/uploads\/2024\/09\/SSCW-Accessories-Special-Offer.pdf&#8220; button_text=&#8220;Flugblatt herunterladen&#8220; button_alignment_tablet=&#8220;center&#8220; button_alignment_phone=&#8220;center&#8220; button_alignment_last_edited=&#8220;on|tablet&#8220; module_class=&#8220;popmake-495&#8243; _builder_version=&#8220;4.17.3&#8243; _module_preset=&#8220;default&#8220; custom_button=&#8220;on&#8220; button_text_size=&#8220;18px&#8220; button_text_color=&#8220;#FFFFFF&#8220; button_bg_color=&#8220;#cd2234&#8243; button_border_width=&#8220;0px&#8220; button_border_radius=&#8220;0px&#8220; button_font=&#8220;||||||||&#8220; button_use_icon=&#8220;off&#8220; custom_padding=&#8220;14px|24px|14px|24px|true|true&#8220; button_text_size_tablet=&#8220;&#8220; button_text_size_phone=&#8220;14px&#8220; button_text_size_last_edited=&#8220;on|phone&#8220; global_colors_info=&#8220;{}&#8220;][\/et_pb_button][\/et_pb_column][\/et_pb_row][\/et_pb_section]<\/p>\n","protected":false},"excerpt":{"rendered":"<p>Eine an Ihren Standort, die H\u00e4ufigkeit der Autow\u00e4sche<br \/>\nund Ihr Budget angepasste Konfiguration der Waschanlage<\/p>\n","protected":false},"author":3,"featured_media":4275,"parent":0,"menu_order":0,"comment_status":"closed","ping_status":"closed","template":"","meta":{"_et_pb_use_builder":"on","_et_pb_old_content":"","_et_gb_content_width":"","content-type":"","footnotes":""},"class_list":["post-5478","page","type-page","status-publish","has-post-thumbnail","hentry"],"acf":[],"yoast_head":"<!-- This site is optimized with the Yoast SEO plugin v20.11 - https:\/\/yoast.com\/wordpress\/plugins\/seo\/ -->\n<title>SSCW Zubeh\u00f6r - Sonderpreisangebot - Adriateh<\/title>\n<meta name=\"robots\" content=\"index, follow, max-snippet:-1, max-image-preview:large, max-video-preview:-1\" \/>\n<link rel=\"canonical\" href=\"https:\/\/adriateh.com\/de\/sscw-zubehoer-sonderpreisangebot\/\" \/>\n<meta property=\"og:locale\" content=\"de_DE\" \/>\n<meta property=\"og:type\" content=\"article\" \/>\n<meta property=\"og:title\" content=\"SSCW Zubeh\u00f6r - Sonderpreisangebot - Adriateh\" \/>\n<meta property=\"og:description\" content=\"Eine an Ihren Standort, die H\u00e4ufigkeit der Autow\u00e4sche und Ihr Budget angepasste Konfiguration der Waschanlage\" \/>\n<meta property=\"og:url\" content=\"https:\/\/adriateh.com\/de\/sscw-zubehoer-sonderpreisangebot\/\" \/>\n<meta property=\"og:site_name\" content=\"Adriateh\" \/>\n<meta property=\"article:modified_time\" content=\"2025-11-06T10:40:54+00:00\" \/>\n<meta property=\"og:image\" content=\"https:\/\/adriateh.com\/wp-content\/uploads\/2024\/09\/shutterstock_474824872-scaled.jpg\" \/>\n\t<meta property=\"og:image:width\" content=\"2560\" \/>\n\t<meta property=\"og:image:height\" content=\"1709\" \/>\n\t<meta property=\"og:image:type\" content=\"image\/jpeg\" \/>\n<meta name=\"twitter:card\" content=\"summary_large_image\" \/>\n<meta name=\"twitter:label1\" content=\"Gesch\u00e4tzte Lesezeit\" \/>\n\t<meta name=\"twitter:data1\" content=\"4\u00a0Minuten\" \/>\n<script type=\"application\/ld+json\" class=\"yoast-schema-graph\">{\"@context\":\"https:\/\/schema.org\",\"@graph\":[{\"@type\":\"WebPage\",\"@id\":\"https:\/\/adriateh.com\/de\/sscw-zubehoer-sonderpreisangebot\/\",\"url\":\"https:\/\/adriateh.com\/de\/sscw-zubehoer-sonderpreisangebot\/\",\"name\":\"SSCW Zubeh\u00f6r - Sonderpreisangebot - Adriateh\",\"isPartOf\":{\"@id\":\"https:\/\/adriateh.com\/de\/#website\"},\"datePublished\":\"2024-09-19T11:23:45+00:00\",\"dateModified\":\"2025-11-06T10:40:54+00:00\",\"breadcrumb\":{\"@id\":\"https:\/\/adriateh.com\/de\/sscw-zubehoer-sonderpreisangebot\/#breadcrumb\"},\"inLanguage\":\"de\",\"potentialAction\":[{\"@type\":\"ReadAction\",\"target\":[\"https:\/\/adriateh.com\/de\/sscw-zubehoer-sonderpreisangebot\/\"]}]},{\"@type\":\"BreadcrumbList\",\"@id\":\"https:\/\/adriateh.com\/de\/sscw-zubehoer-sonderpreisangebot\/#breadcrumb\",\"itemListElement\":[{\"@type\":\"ListItem\",\"position\":1,\"name\":\"Home\",\"item\":\"https:\/\/adriateh.com\/de\/\"},{\"@type\":\"ListItem\",\"position\":2,\"name\":\"SSCW Zubeh\u00f6r &#8211; Sonderpreisangebot\"}]},{\"@type\":\"WebSite\",\"@id\":\"https:\/\/adriateh.com\/de\/#website\",\"url\":\"https:\/\/adriateh.com\/de\/\",\"name\":\"Adriateh\",\"description\":\"Car Wash Manufacturing Company: Where Technology Meets Art.\",\"potentialAction\":[{\"@type\":\"SearchAction\",\"target\":{\"@type\":\"EntryPoint\",\"urlTemplate\":\"https:\/\/adriateh.com\/de\/?s={search_term_string}\"},\"query-input\":\"required name=search_term_string\"}],\"inLanguage\":\"de\"}]}<\/script>\n<!-- \/ Yoast SEO plugin. -->","yoast_head_json":{"title":"SSCW Zubeh\u00f6r - Sonderpreisangebot - Adriateh","robots":{"index":"index","follow":"follow","max-snippet":"max-snippet:-1","max-image-preview":"max-image-preview:large","max-video-preview":"max-video-preview:-1"},"canonical":"https:\/\/adriateh.com\/de\/sscw-zubehoer-sonderpreisangebot\/","og_locale":"de_DE","og_type":"article","og_title":"SSCW Zubeh\u00f6r - Sonderpreisangebot - Adriateh","og_description":"Eine an Ihren Standort, die H\u00e4ufigkeit der Autow\u00e4sche und Ihr Budget angepasste Konfiguration der Waschanlage","og_url":"https:\/\/adriateh.com\/de\/sscw-zubehoer-sonderpreisangebot\/","og_site_name":"Adriateh","article_modified_time":"2025-11-06T10:40:54+00:00","og_image":[{"width":2560,"height":1709,"url":"https:\/\/adriateh.com\/wp-content\/uploads\/2024\/09\/shutterstock_474824872-scaled.jpg","type":"image\/jpeg"}],"twitter_card":"summary_large_image","twitter_misc":{"Gesch\u00e4tzte Lesezeit":"4\u00a0Minuten"},"schema":{"@context":"https:\/\/schema.org","@graph":[{"@type":"WebPage","@id":"https:\/\/adriateh.com\/de\/sscw-zubehoer-sonderpreisangebot\/","url":"https:\/\/adriateh.com\/de\/sscw-zubehoer-sonderpreisangebot\/","name":"SSCW Zubeh\u00f6r - Sonderpreisangebot - Adriateh","isPartOf":{"@id":"https:\/\/adriateh.com\/de\/#website"},"datePublished":"2024-09-19T11:23:45+00:00","dateModified":"2025-11-06T10:40:54+00:00","breadcrumb":{"@id":"https:\/\/adriateh.com\/de\/sscw-zubehoer-sonderpreisangebot\/#breadcrumb"},"inLanguage":"de","potentialAction":[{"@type":"ReadAction","target":["https:\/\/adriateh.com\/de\/sscw-zubehoer-sonderpreisangebot\/"]}]},{"@type":"BreadcrumbList","@id":"https:\/\/adriateh.com\/de\/sscw-zubehoer-sonderpreisangebot\/#breadcrumb","itemListElement":[{"@type":"ListItem","position":1,"name":"Home","item":"https:\/\/adriateh.com\/de\/"},{"@type":"ListItem","position":2,"name":"SSCW Zubeh\u00f6r &#8211; Sonderpreisangebot"}]},{"@type":"WebSite","@id":"https:\/\/adriateh.com\/de\/#website","url":"https:\/\/adriateh.com\/de\/","name":"Adriateh","description":"Car Wash Manufacturing Company: Where Technology Meets Art.","potentialAction":[{"@type":"SearchAction","target":{"@type":"EntryPoint","urlTemplate":"https:\/\/adriateh.com\/de\/?s={search_term_string}"},"query-input":"required name=search_term_string"}],"inLanguage":"de"}]}},"_links":{"self":[{"href":"https:\/\/adriateh.com\/de\/wp-json\/wp\/v2\/pages\/5478","targetHints":{"allow":["GET"]}}],"collection":[{"href":"https:\/\/adriateh.com\/de\/wp-json\/wp\/v2\/pages"}],"about":[{"href":"https:\/\/adriateh.com\/de\/wp-json\/wp\/v2\/types\/page"}],"author":[{"embeddable":true,"href":"https:\/\/adriateh.com\/de\/wp-json\/wp\/v2\/users\/3"}],"replies":[{"embeddable":true,"href":"https:\/\/adriateh.com\/de\/wp-json\/wp\/v2\/comments?post=5478"}],"version-history":[{"count":5,"href":"https:\/\/adriateh.com\/de\/wp-json\/wp\/v2\/pages\/5478\/revisions"}],"predecessor-version":[{"id":5944,"href":"https:\/\/adriateh.com\/de\/wp-json\/wp\/v2\/pages\/5478\/revisions\/5944"}],"wp:featuredmedia":[{"embeddable":true,"href":"https:\/\/adriateh.com\/de\/wp-json\/wp\/v2\/media\/4275"}],"wp:attachment":[{"href":"https:\/\/adriateh.com\/de\/wp-json\/wp\/v2\/media?parent=5478"}],"curies":[{"name":"wp","href":"https:\/\/api.w.org\/{rel}","templated":true}]}}