{"id":5631,"date":"2022-05-29T03:07:19","date_gmt":"2022-05-29T01:07:19","guid":{"rendered":"https:\/\/adriateh.com\/karriere\/"},"modified":"2026-01-20T14:22:43","modified_gmt":"2026-01-20T13:22:43","slug":"karriere","status":"publish","type":"page","link":"https:\/\/adriateh.com\/de\/ueber-uns\/karriere\/","title":{"rendered":"Karriere"},"content":{"rendered":"<p>[et_pb_section fb_built=&#8220;1&#8243; custom_padding_last_edited=&#8220;on|desktop&#8220; _builder_version=&#8220;4.17.3&#8243; _dynamic_attributes=&#8220;background_image&#8220; _module_preset=&#8220;default&#8220; background_color=&#8220;rgba(0,0,0,0.5)&#8220; background_image=&#8220;@ET-DC@eyJkeW5hbWljIjp0cnVlLCJjb250ZW50IjoicG9zdF9mZWF0dXJlZF9pbWFnZSIsInNldHRpbmdzIjp7fX0=@&#8220; background_blend=&#8220;overlay&#8220; custom_padding=&#8220;250px||240px|||&#8220; custom_padding_tablet=&#8220;250px||240px|||&#8220; custom_padding_phone=&#8220;250px||240px|||&#8220; locked=&#8220;off&#8220; global_colors_info=&#8220;{}&#8220;][et_pb_row _builder_version=&#8220;4.17.3&#8243; _module_preset=&#8220;default&#8220; global_colors_info=&#8220;{}&#8220;][et_pb_column type=&#8220;4_4&#8243; _builder_version=&#8220;4.17.3&#8243; _module_preset=&#8220;default&#8220; global_colors_info=&#8220;{}&#8220;][et_pb_text _builder_version=&#8220;4.17.3&#8243; _dynamic_attributes=&#8220;content&#8220; _module_preset=&#8220;default&#8220; header_font=&#8220;|600|||||||&#8220; header_text_color=&#8220;#FFFFFF&#8220; header_font_size=&#8220;45px&#8220; header_font_size_tablet=&#8220;35px&#8220; header_font_size_phone=&#8220;30px&#8220; header_font_size_last_edited=&#8220;on|phone&#8220; global_colors_info=&#8220;{}&#8220;]@ET-DC@eyJkeW5hbWljIjp0cnVlLCJjb250ZW50IjoicG9zdF90aXRsZSIsInNldHRpbmdzIjp7ImJlZm9yZSI6IjxoMT4iLCJhZnRlciI6IjxcL2gxPiJ9fQ==@[\/et_pb_text][\/et_pb_column][\/et_pb_row][et_pb_row use_custom_gutter=&#8220;on&#8220; gutter_width=&#8220;1&#8243; _builder_version=&#8220;4.17.3&#8243; _module_preset=&#8220;default&#8220; positioning=&#8220;absolute&#8220; position_origin_a=&#8220;bottom_right&#8220; position_origin_r=&#8220;bottom_right&#8220; custom_margin=&#8220;||-20px||false|false&#8220; custom_padding=&#8220;0px||0px|||&#8220; box_shadow_style=&#8220;preset1&#8243; global_colors_info=&#8220;{}&#8220;][et_pb_column type=&#8220;4_4&#8243; _builder_version=&#8220;4.17.3&#8243; _module_preset=&#8220;default&#8220; background_color=&#8220;#bd181a&#8220; custom_padding=&#8220;30px|20px|30px|20px|false|false&#8220; global_colors_info=&#8220;{}&#8220;][et_pb_text _builder_version=&#8220;4.17.3&#8243; _module_preset=&#8220;default&#8220; text_font=&#8220;||||||||&#8220; text_text_color=&#8220;#FFFFFF&#8220; hover_enabled=&#8220;0&#8243; custom_css_main_element=&#8220;font-family: &#8218;Geogrotesque Cyr&#8216;, -apple-system, BlinkMacSystemFont, &#8218;Segoe UI&#8216;, Roboto, Oxygen, Ubuntu, Cantarell, &#8218;Open Sans&#8216;, &#8218;Helvetica Neue&#8216;, sans-serif;&#8220; global_colors_info=&#8220;{}&#8220; sticky_enabled=&#8220;0&#8243;]<strong>Werden Sie Teil des Adriateh-Teams!<\/strong>[\/et_pb_text][\/et_pb_column][\/et_pb_row][\/et_pb_section][et_pb_section fb_built=&#8220;1&#8243; _builder_version=&#8220;4.17.3&#8243; _module_preset=&#8220;default&#8220; background_color=&#8220;#f8f9fa&#8220; custom_padding=&#8220;83px||108px|||&#8220; global_colors_info=&#8220;{}&#8220;][et_pb_row _builder_version=&#8220;4.17.3&#8243; _module_preset=&#8220;default&#8220; global_colors_info=&#8220;{}&#8220;][et_pb_column type=&#8220;4_4&#8243; _builder_version=&#8220;4.17.3&#8243; _module_preset=&#8220;default&#8220; global_colors_info=&#8220;{}&#8220;][et_pb_text _builder_version=&#8220;4.17.3&#8243; _module_preset=&#8220;default&#8220; hover_enabled=&#8220;0&#8243; global_colors_info=&#8220;{}&#8220; sticky_enabled=&#8220;0&#8243;]Seit 1996 entwickeln, produzieren und vertreiben wir erfolgreich und mit Stolz hochentwickelte Maschinen f\u00fcr die Fahrzeugw\u00e4sche und -reinigung in Selbstbedienung. Wir exportieren Maschinen in \u00fcber 30 L\u00e4nder auf der ganzen Welt, in denen wir \u00fcber Vertriebsagenturen t\u00e4tig sind. Wir bieten unseren Kunden ein au\u00dfergew\u00f6hnliches Erlebnis, das von der Qualit\u00e4t der Wasch- und Reinigungstechnologie und der f\u00fcr ADRIATEH-Waschanlagen spezifischen Bauweise begleitet wird. Wir sind in einer dynamischen und schnell wachsenden Branche t\u00e4tig und suchen nach neuen, motivierten Mitgliedern f\u00fcr unser Team![\/et_pb_text][et_pb_text _builder_version=&#8220;4.17.3&#8243; _module_preset=&#8220;default&#8220; hover_enabled=&#8220;0&#8243; custom_css_main_element=&#8220;font-family: &#8218;Geogrotesque Cyr&#8216;, -apple-system, BlinkMacSystemFont, &#8218;Segoe UI&#8216;, Roboto, Oxygen, Ubuntu, Cantarell, &#8218;Open Sans&#8216;, &#8218;Helvetica Neue&#8216;, sans-serif;&#8220; global_colors_info=&#8220;{}&#8220; sticky_enabled=&#8220;0&#8243;]<\/p>\n<h2>Offene Stellen:<\/h2>\n<p>[\/et_pb_text][et_pb_blog posts_number=&#8220;-1&#8243; include_categories=&#8220;53&#8243; show_thumbnail=&#8220;off&#8220; show_author=&#8220;off&#8220; show_categories=&#8220;off&#8220; _builder_version=&#8220;4.17.3&#8243; _module_preset=&#8220;default&#8220; header_level=&#8220;h4&#8243; custom_padding=&#8220;20px|20px|20px|20px|false|false&#8220; border_width_bottom_fullwidth=&#8220;1px&#8220; global_colors_info=&#8220;{}&#8220;][\/et_pb_blog][\/et_pb_column][\/et_pb_row][et_pb_row _builder_version=&#8220;4.17.3&#8243; _module_preset=&#8220;default&#8220; background_color=&#8220;#bd181a&#8220; custom_padding=&#8220;40px|40px|40px|40px|false|false&#8220; global_colors_info=&#8220;{}&#8220;][et_pb_column type=&#8220;4_4&#8243; _builder_version=&#8220;4.17.3&#8243; _module_preset=&#8220;default&#8220; global_colors_info=&#8220;{}&#8220;][et_pb_text _builder_version=&#8220;4.17.3&#8243; _module_preset=&#8220;default&#8220; text_text_color=&#8220;#FFFFFF&#8220; header_2_text_color=&#8220;#FFFFFF&#8220; custom_margin=&#8220;||12px|||&#8220; hover_enabled=&#8220;0&#8243; custom_css_main_element=&#8220;font-family: &#8218;Geogrotesque Cyr&#8216;, -apple-system, BlinkMacSystemFont, &#8218;Segoe UI&#8216;, Roboto, Oxygen, Ubuntu, Cantarell, &#8218;Open Sans&#8216;, &#8218;Helvetica Neue&#8216;, sans-serif;&#8220; global_colors_info=&#8220;{}&#8220; sticky_enabled=&#8220;0&#8243;]<\/p>\n<h2>Sie haben keine offene Stelle gefunden?<\/h2>\n<p>Senden Sie uns eine offene Anfrage an:[\/et_pb_text][et_pb_text _builder_version=&#8220;4.17.3&#8243; _module_preset=&#8220;default&#8220; text_font=&#8220;|800|||||||&#8220; text_text_color=&#8220;#FFFFFF&#8220; text_font_size=&#8220;20px&#8220; header_2_text_color=&#8220;#FFFFFF&#8220; custom_margin=&#8220;||12px|||&#8220; link_option_url=&#8220;mailto:info@adriateh.com&#8220; global_colors_info=&#8220;{}&#8220;]<\/p>\n<p>info@adriateh.com<\/p>\n<p>[\/et_pb_text][\/et_pb_column][\/et_pb_row][\/et_pb_section]<\/p>\n","protected":false},"excerpt":{"rendered":"<p>Werden Sie Teil des Adriateh-Teams!Seit 1996 entwickeln, produzieren und vertreiben wir erfolgreich und mit Stolz hochentwickelte Maschinen f\u00fcr die Fahrzeugw\u00e4sche und -reinigung in Selbstbedienung. Wir exportieren Maschinen in \u00fcber 30 L\u00e4nder auf der ganzen Welt, in denen wir \u00fcber Vertriebsagenturen t\u00e4tig sind. Wir bieten unseren Kunden ein au\u00dfergew\u00f6hnliches Erlebnis, das von der Qualit\u00e4t der Wasch- [&hellip;]<\/p>\n","protected":false},"author":1,"featured_media":3737,"parent":6133,"menu_order":0,"comment_status":"closed","ping_status":"closed","template":"","meta":{"_et_pb_use_builder":"on","_et_pb_old_content":"","_et_gb_content_width":"","content-type":"","footnotes":""},"class_list":["post-5631","page","type-page","status-publish","has-post-thumbnail","hentry"],"acf":[],"yoast_head":"<!-- This site is optimized with the Yoast SEO plugin v20.11 - https:\/\/yoast.com\/wordpress\/plugins\/seo\/ -->\n<title>Karriere - Adriateh<\/title>\n<meta name=\"robots\" content=\"index, follow, max-snippet:-1, max-image-preview:large, max-video-preview:-1\" \/>\n<link rel=\"canonical\" href=\"https:\/\/adriateh.com\/de\/ueber-uns\/karriere\/\" \/>\n<meta property=\"og:locale\" content=\"de_DE\" \/>\n<meta property=\"og:type\" content=\"article\" \/>\n<meta property=\"og:title\" content=\"Karriere - Adriateh\" \/>\n<meta property=\"og:description\" content=\"Werden Sie Teil des Adriateh-Teams!Seit 1996 entwickeln, produzieren und vertreiben wir erfolgreich und mit Stolz hochentwickelte Maschinen f\u00fcr die Fahrzeugw\u00e4sche und -reinigung in Selbstbedienung. Wir exportieren Maschinen in \u00fcber 30 L\u00e4nder auf der ganzen Welt, in denen wir \u00fcber Vertriebsagenturen t\u00e4tig sind. Wir bieten unseren Kunden ein au\u00dfergew\u00f6hnliches Erlebnis, das von der Qualit\u00e4t der Wasch- [&hellip;]\" \/>\n<meta property=\"og:url\" content=\"https:\/\/adriateh.com\/de\/ueber-uns\/karriere\/\" \/>\n<meta property=\"og:site_name\" content=\"Adriateh\" \/>\n<meta property=\"article:modified_time\" content=\"2026-01-20T13:22:43+00:00\" \/>\n<meta property=\"og:image\" content=\"https:\/\/adriateh.com\/wp-content\/uploads\/2022\/05\/adriatech-karijera.jpg\" \/>\n\t<meta property=\"og:image:width\" content=\"2550\" \/>\n\t<meta property=\"og:image:height\" content=\"1700\" \/>\n\t<meta property=\"og:image:type\" content=\"image\/jpeg\" \/>\n<meta name=\"twitter:card\" content=\"summary_large_image\" \/>\n<meta name=\"twitter:label1\" content=\"Gesch\u00e4tzte Lesezeit\" \/>\n\t<meta name=\"twitter:data1\" content=\"3\u00a0Minuten\" \/>\n<script type=\"application\/ld+json\" class=\"yoast-schema-graph\">{\"@context\":\"https:\/\/schema.org\",\"@graph\":[{\"@type\":\"WebPage\",\"@id\":\"https:\/\/adriateh.com\/de\/ueber-uns\/karriere\/\",\"url\":\"https:\/\/adriateh.com\/de\/ueber-uns\/karriere\/\",\"name\":\"Karriere - Adriateh\",\"isPartOf\":{\"@id\":\"https:\/\/adriateh.com\/de\/#website\"},\"datePublished\":\"2022-05-29T01:07:19+00:00\",\"dateModified\":\"2026-01-20T13:22:43+00:00\",\"breadcrumb\":{\"@id\":\"https:\/\/adriateh.com\/de\/ueber-uns\/karriere\/#breadcrumb\"},\"inLanguage\":\"de\",\"potentialAction\":[{\"@type\":\"ReadAction\",\"target\":[\"https:\/\/adriateh.com\/de\/ueber-uns\/karriere\/\"]}]},{\"@type\":\"BreadcrumbList\",\"@id\":\"https:\/\/adriateh.com\/de\/ueber-uns\/karriere\/#breadcrumb\",\"itemListElement\":[{\"@type\":\"ListItem\",\"position\":1,\"name\":\"Home\",\"item\":\"https:\/\/adriateh.com\/de\/\"},{\"@type\":\"ListItem\",\"position\":2,\"name\":\"\u00dcber uns\",\"item\":\"https:\/\/adriateh.com\/de\/ueber-uns\/\"},{\"@type\":\"ListItem\",\"position\":3,\"name\":\"Karriere\"}]},{\"@type\":\"WebSite\",\"@id\":\"https:\/\/adriateh.com\/de\/#website\",\"url\":\"https:\/\/adriateh.com\/de\/\",\"name\":\"Adriateh\",\"description\":\"Car Wash Manufacturing Company: Where Technology Meets Art.\",\"potentialAction\":[{\"@type\":\"SearchAction\",\"target\":{\"@type\":\"EntryPoint\",\"urlTemplate\":\"https:\/\/adriateh.com\/de\/?s={search_term_string}\"},\"query-input\":\"required name=search_term_string\"}],\"inLanguage\":\"de\"}]}<\/script>\n<!-- \/ Yoast SEO plugin. -->","yoast_head_json":{"title":"Karriere - Adriateh","robots":{"index":"index","follow":"follow","max-snippet":"max-snippet:-1","max-image-preview":"max-image-preview:large","max-video-preview":"max-video-preview:-1"},"canonical":"https:\/\/adriateh.com\/de\/ueber-uns\/karriere\/","og_locale":"de_DE","og_type":"article","og_title":"Karriere - Adriateh","og_description":"Werden Sie Teil des Adriateh-Teams!Seit 1996 entwickeln, produzieren und vertreiben wir erfolgreich und mit Stolz hochentwickelte Maschinen f\u00fcr die Fahrzeugw\u00e4sche und -reinigung in Selbstbedienung. Wir exportieren Maschinen in \u00fcber 30 L\u00e4nder auf der ganzen Welt, in denen wir \u00fcber Vertriebsagenturen t\u00e4tig sind. Wir bieten unseren Kunden ein au\u00dfergew\u00f6hnliches Erlebnis, das von der Qualit\u00e4t der Wasch- [&hellip;]","og_url":"https:\/\/adriateh.com\/de\/ueber-uns\/karriere\/","og_site_name":"Adriateh","article_modified_time":"2026-01-20T13:22:43+00:00","og_image":[{"width":2550,"height":1700,"url":"https:\/\/adriateh.com\/wp-content\/uploads\/2022\/05\/adriatech-karijera.jpg","type":"image\/jpeg"}],"twitter_card":"summary_large_image","twitter_misc":{"Gesch\u00e4tzte Lesezeit":"3\u00a0Minuten"},"schema":{"@context":"https:\/\/schema.org","@graph":[{"@type":"WebPage","@id":"https:\/\/adriateh.com\/de\/ueber-uns\/karriere\/","url":"https:\/\/adriateh.com\/de\/ueber-uns\/karriere\/","name":"Karriere - Adriateh","isPartOf":{"@id":"https:\/\/adriateh.com\/de\/#website"},"datePublished":"2022-05-29T01:07:19+00:00","dateModified":"2026-01-20T13:22:43+00:00","breadcrumb":{"@id":"https:\/\/adriateh.com\/de\/ueber-uns\/karriere\/#breadcrumb"},"inLanguage":"de","potentialAction":[{"@type":"ReadAction","target":["https:\/\/adriateh.com\/de\/ueber-uns\/karriere\/"]}]},{"@type":"BreadcrumbList","@id":"https:\/\/adriateh.com\/de\/ueber-uns\/karriere\/#breadcrumb","itemListElement":[{"@type":"ListItem","position":1,"name":"Home","item":"https:\/\/adriateh.com\/de\/"},{"@type":"ListItem","position":2,"name":"\u00dcber uns","item":"https:\/\/adriateh.com\/de\/ueber-uns\/"},{"@type":"ListItem","position":3,"name":"Karriere"}]},{"@type":"WebSite","@id":"https:\/\/adriateh.com\/de\/#website","url":"https:\/\/adriateh.com\/de\/","name":"Adriateh","description":"Car Wash Manufacturing Company: Where Technology Meets Art.","potentialAction":[{"@type":"SearchAction","target":{"@type":"EntryPoint","urlTemplate":"https:\/\/adriateh.com\/de\/?s={search_term_string}"},"query-input":"required name=search_term_string"}],"inLanguage":"de"}]}},"_links":{"self":[{"href":"https:\/\/adriateh.com\/de\/wp-json\/wp\/v2\/pages\/5631","targetHints":{"allow":["GET"]}}],"collection":[{"href":"https:\/\/adriateh.com\/de\/wp-json\/wp\/v2\/pages"}],"about":[{"href":"https:\/\/adriateh.com\/de\/wp-json\/wp\/v2\/types\/page"}],"author":[{"embeddable":true,"href":"https:\/\/adriateh.com\/de\/wp-json\/wp\/v2\/users\/1"}],"replies":[{"embeddable":true,"href":"https:\/\/adriateh.com\/de\/wp-json\/wp\/v2\/comments?post=5631"}],"version-history":[{"count":2,"href":"https:\/\/adriateh.com\/de\/wp-json\/wp\/v2\/pages\/5631\/revisions"}],"predecessor-version":[{"id":5641,"href":"https:\/\/adriateh.com\/de\/wp-json\/wp\/v2\/pages\/5631\/revisions\/5641"}],"up":[{"embeddable":true,"href":"https:\/\/adriateh.com\/de\/wp-json\/wp\/v2\/pages\/6133"}],"wp:featuredmedia":[{"embeddable":true,"href":"https:\/\/adriateh.com\/de\/wp-json\/wp\/v2\/media\/3737"}],"wp:attachment":[{"href":"https:\/\/adriateh.com\/de\/wp-json\/wp\/v2\/media?parent=5631"}],"curies":[{"name":"wp","href":"https:\/\/api.w.org\/{rel}","templated":true}]}}