{"id":6127,"date":"2022-04-30T13:59:23","date_gmt":"2022-04-30T11:59:23","guid":{"rendered":"https:\/\/adriateh.com\/service-unterstuetzung\/"},"modified":"2026-01-20T14:22:43","modified_gmt":"2026-01-20T13:22:43","slug":"service-unterstuetzung","status":"publish","type":"page","link":"https:\/\/adriateh.com\/de\/ueber-uns\/service-unterstuetzung\/","title":{"rendered":"Service-Unterst\u00fctzung"},"content":{"rendered":"<p>[et_pb_section fb_built=&#8220;1&#8243; custom_padding_last_edited=&#8220;on|desktop&#8220; _builder_version=&#8220;4.17.3&#8243; _dynamic_attributes=&#8220;background_image&#8220; _module_preset=&#8220;default&#8220; background_color=&#8220;rgba(0,0,0,0.5)&#8220; background_image=&#8220;@ET-DC@eyJkeW5hbWljIjp0cnVlLCJjb250ZW50IjoicG9zdF9mZWF0dXJlZF9pbWFnZSIsInNldHRpbmdzIjp7fX0=@&#8220; background_blend=&#8220;overlay&#8220; custom_padding=&#8220;250px||240px|||&#8220; custom_padding_tablet=&#8220;250px||240px|||&#8220; custom_padding_phone=&#8220;250px||240px|||&#8220; locked=&#8220;off&#8220; global_colors_info=&#8220;{}&#8220;][et_pb_row _builder_version=&#8220;4.17.3&#8243; _module_preset=&#8220;default&#8220; global_colors_info=&#8220;{}&#8220;][et_pb_column type=&#8220;4_4&#8243; _builder_version=&#8220;4.17.3&#8243; _module_preset=&#8220;default&#8220; global_colors_info=&#8220;{}&#8220;][et_pb_text _builder_version=&#8220;4.17.3&#8243; _dynamic_attributes=&#8220;content&#8220; _module_preset=&#8220;default&#8220; header_font=&#8220;|600|||||||&#8220; header_text_color=&#8220;#FFFFFF&#8220; header_font_size=&#8220;45px&#8220; header_font_size_tablet=&#8220;35px&#8220; header_font_size_phone=&#8220;30px&#8220; header_font_size_last_edited=&#8220;on|phone&#8220; global_colors_info=&#8220;{}&#8220;]@ET-DC@eyJkeW5hbWljIjp0cnVlLCJjb250ZW50IjoicG9zdF90aXRsZSIsInNldHRpbmdzIjp7ImJlZm9yZSI6IjxoMT4iLCJhZnRlciI6IjxcL2gxPiJ9fQ==@[\/et_pb_text][\/et_pb_column][\/et_pb_row][et_pb_row use_custom_gutter=&#8220;on&#8220; gutter_width=&#8220;1&#8243; _builder_version=&#8220;4.17.3&#8243; _module_preset=&#8220;default&#8220; positioning=&#8220;absolute&#8220; position_origin_a=&#8220;bottom_right&#8220; position_origin_r=&#8220;bottom_right&#8220; custom_margin=&#8220;||-20px||false|false&#8220; custom_padding=&#8220;0px||0px|||&#8220; box_shadow_style=&#8220;preset1&#8243; global_colors_info=&#8220;{}&#8220;][et_pb_column type=&#8220;4_4&#8243; _builder_version=&#8220;4.17.3&#8243; _module_preset=&#8220;default&#8220; background_color=&#8220;#bd181a&#8220; custom_padding=&#8220;30px|20px|30px|20px|false|false&#8220; global_colors_info=&#8220;{}&#8220;][et_pb_text _builder_version=&#8220;4.17.3&#8243; _module_preset=&#8220;default&#8220; text_font=&#8220;||||||||&#8220; text_text_color=&#8220;#FFFFFF&#8220; custom_css_main_element=&#8220;font-family: &#8218;Geogrotesque Cyr&#8216;, -apple-system, BlinkMacSystemFont, &#8218;Segoe UI&#8216;, Roboto, Oxygen, Ubuntu, Cantarell, &#8218;Open Sans&#8216;, &#8218;Helvetica Neue&#8216;, sans-serif;&#8220; global_colors_info=&#8220;{}&#8220;]<strong>Unterst\u00fctzung auf h\u00f6chster Ebene f\u00fcr einen sicheren und effizienten Gesch\u00e4ftsbetrieb<\/strong>[\/et_pb_text][\/et_pb_column][\/et_pb_row][\/et_pb_section][et_pb_section fb_built=&#8220;1&#8243; _builder_version=&#8220;4.17.3&#8243; _module_preset=&#8220;default&#8220; background_color=&#8220;#f8f9fa&#8220; custom_padding=&#8220;||108px|||&#8220; global_colors_info=&#8220;{}&#8220;][et_pb_row _builder_version=&#8220;4.17.3&#8243; _module_preset=&#8220;default&#8220; global_colors_info=&#8220;{}&#8220;][et_pb_column type=&#8220;4_4&#8243; _builder_version=&#8220;4.17.3&#8243; _module_preset=&#8220;default&#8220; global_colors_info=&#8220;{}&#8220;][et_pb_text _builder_version=&#8220;4.17.3&#8243; _module_preset=&#8220;default&#8220; custom_css_main_element=&#8220;font-family: &#8218;Geogrotesque Cyr&#8216;, -apple-system, BlinkMacSystemFont, &#8218;Segoe UI&#8216;, Roboto, Oxygen, Ubuntu, Cantarell, &#8218;Open Sans&#8216;, &#8218;Helvetica Neue&#8216;, sans-serif;&#8220; global_colors_info=&#8220;{}&#8220;]<\/p>\n<p>Unsere Zusammenarbeit endet nicht mit der Lieferung der Waschanlage. Adriateh wird Sie bei jedem Schritt begleiten. Sie k\u00f6nnen sich auf unseren zuverl\u00e4ssigen, schnellen und qualitativ hochwertigen Service verlassen, der \u00fcber unser umfangreiches Netzwerk von H\u00e4ndlern und Servicepartnern in ganz Europa verf\u00fcgbar ist. Unsere ausgebildeten Servicetechniker stehen Ihnen bei allen technischen Fragen und Problemen zur Verf\u00fcgung. Damit der Betrieb Ihrer Waschanlage nicht unterbrochen wird, setzen wir uns routinem\u00e4\u00dfig mit Ihnen in Verbindung, um regelm\u00e4\u00dfige Servicekontrollen zu vereinbaren. Ein zentrales Support-Callcenter steht Ihnen ebenfalls zur Verf\u00fcgung, um alle technischen Probleme schnell zu l\u00f6sen. Sollte das Problem nicht am Telefon gel\u00f6st werden k\u00f6nnen, kommen unsere Servicetechniker so schnell wie m\u00f6glich zu Ihnen vor Ort.      <\/p>\n<p>[\/et_pb_text][et_pb_text module_class=&#8220;pa-bullet-list-1&#8243; _builder_version=&#8220;4.17.3&#8243; _module_preset=&#8220;default&#8220; custom_css_main_element=&#8220;font-family: &#8218;Geogrotesque Cyr&#8216;, -apple-system, BlinkMacSystemFont, &#8218;Segoe UI&#8216;, Roboto, Oxygen, Ubuntu, Cantarell, &#8218;Open Sans&#8216;, &#8218;Helvetica Neue&#8216;, sans-serif;&#8220; global_colors_info=&#8220;{}&#8220;]<\/p>\n<p><strong>Darauf k\u00f6nnen Sie sich verlassen:<\/strong><\/p>\n<ul>\n<li>Regelm\u00e4\u00dfige Service-Inspektionen<\/li>\n<li>Kostenloser Service-Support \u00fcber das Call Center<\/li>\n<li>Reparaturen w\u00e4hrend und nach der Garantiezeit<\/li>\n<li>Ersatzger\u00e4te, w\u00e4hrend Ihre eigenen Ger\u00e4te repariert werden<\/li>\n<li>Transport von Bauteilen zur Reparaturwerkstatt und zur\u00fcck<\/li>\n<\/ul>\n<p>[\/et_pb_text][\/et_pb_column][\/et_pb_row][et_pb_row _builder_version=&#8220;4.17.3&#8243; _module_preset=&#8220;default&#8220; background_color=&#8220;#bd181a&#8220; custom_padding=&#8220;40px|40px|40px|40px|false|false&#8220; global_colors_info=&#8220;{}&#8220;][et_pb_column type=&#8220;4_4&#8243; _builder_version=&#8220;4.17.3&#8243; _module_preset=&#8220;default&#8220; global_colors_info=&#8220;{}&#8220;][et_pb_text _builder_version=&#8220;4.17.3&#8243; _module_preset=&#8220;default&#8220; text_text_color=&#8220;#FFFFFF&#8220; header_2_text_color=&#8220;#FFFFFF&#8220; custom_margin=&#8220;||12px|||&#8220; custom_css_main_element=&#8220;font-family: &#8218;Geogrotesque Cyr&#8216;, -apple-system, BlinkMacSystemFont, &#8218;Segoe UI&#8216;, Roboto, Oxygen, Ubuntu, Cantarell, &#8218;Open Sans&#8216;, &#8218;Helvetica Neue&#8216;, sans-serif;&#8220; global_colors_info=&#8220;{}&#8220;]<\/p>\n<h2>Hilfe und Unterst\u00fctzung<\/h2>\n<p>Kontaktieren Sie unser Support-Callcenter:<\/p>\n<p>[\/et_pb_text][et_pb_text _builder_version=&#8220;4.17.3&#8243; _module_preset=&#8220;default&#8220; text_font=&#8220;|800|||||||&#8220; text_text_color=&#8220;#FFFFFF&#8220; text_font_size=&#8220;20px&#8220; link_font=&#8220;|800|||||||&#8220; link_text_color=&#8220;#FFFFFF&#8220; header_2_text_color=&#8220;#FFFFFF&#8220; custom_margin=&#8220;||16px|||&#8220; link_option_url=&#8220;tel:+385993000122&#8243; global_colors_info=&#8220;{}&#8220;]<\/p>\n<p><a href=\"tel:+385993000122\">+385 99-3000-122<\/a><\/p>\n<p>[\/et_pb_text][et_pb_text _builder_version=&#8220;4.17.3&#8243; _module_preset=&#8220;default&#8220; text_text_color=&#8220;#FFFFFF&#8220; header_2_text_color=&#8220;#FFFFFF&#8220; custom_margin=&#8220;||12px|||&#8220; custom_css_main_element=&#8220;font-family: &#8218;Geogrotesque Cyr&#8216;, -apple-system, BlinkMacSystemFont, &#8218;Segoe UI&#8216;, Roboto, Oxygen, Ubuntu, Cantarell, &#8218;Open Sans&#8216;, &#8218;Helvetica Neue&#8216;, sans-serif;&#8220; global_colors_info=&#8220;{}&#8220;]Mailen Sie uns:[\/et_pb_text][et_pb_text _builder_version=&#8220;4.17.3&#8243; _module_preset=&#8220;default&#8220; text_font=&#8220;|800|||||||&#8220; text_text_color=&#8220;#FFFFFF&#8220; text_font_size=&#8220;20px&#8220; header_2_text_color=&#8220;#FFFFFF&#8220; custom_margin=&#8220;||12px|||&#8220; link_option_url=&#8220;mailto:podrska@adriateh.com&#8220; global_colors_info=&#8220;{}&#8220;]<\/p>\n<p>podrska@adriateh.hr<\/p>\n<p>[\/et_pb_text][\/et_pb_column][\/et_pb_row][et_pb_row _builder_version=&#8220;4.17.3&#8243; _module_preset=&#8220;default&#8220; global_colors_info=&#8220;{}&#8220;][et_pb_column type=&#8220;4_4&#8243; _builder_version=&#8220;4.17.3&#8243; _module_preset=&#8220;default&#8220; global_colors_info=&#8220;{}&#8220;][et_pb_text _builder_version=&#8220;4.17.3&#8243; _module_preset=&#8220;default&#8220; custom_css_main_element=&#8220;font-family: &#8218;Geogrotesque Cyr&#8216;, -apple-system, BlinkMacSystemFont, &#8218;Segoe UI&#8216;, Roboto, Oxygen, Ubuntu, Cantarell, &#8218;Open Sans&#8216;, &#8218;Helvetica Neue&#8216;, sans-serif;&#8220; global_colors_info=&#8220;{}&#8220;]<\/p>\n<h3>Arbeitszeiten des technischen Supports:<\/h3>\n<p>08:00-16:00 Uhr an Werktagen (Montag bis Freitag)<br \/>16:00-22:00 Uhr Bereitschaftsdienst an Werktagen (Montag bis Freitag)<br \/>08:00-22:00 Uhr Bereitschaftsdienst an Samstagen, Sonntagen und Feiertagen (au\u00dfer Ostern, Weihnachten und Neujahr).<\/p>\n<p>[\/et_pb_text][\/et_pb_column][\/et_pb_row][et_pb_row _builder_version=&#8220;4.17.3&#8243; _module_preset=&#8220;default&#8220; global_colors_info=&#8220;{}&#8220;][et_pb_column type=&#8220;4_4&#8243; _builder_version=&#8220;4.17.3&#8243; _module_preset=&#8220;default&#8220; global_colors_info=&#8220;{}&#8220;][et_pb_text _builder_version=&#8220;4.17.3&#8243; _module_preset=&#8220;default&#8220; hover_enabled=&#8220;0&#8243; global_colors_info=&#8220;{}&#8220; sticky_enabled=&#8220;0&#8243;]<\/p>\n<div class='w3eden'><!-- WPDM Link Template: Default Template -->\n\n<div class=\"link-template-default card mb-2\">\n    <div class=\"card-body\">\n        <div class=\"media\">\n            <div class=\"mr-3 img-48\"><img decoding=\"async\" class=\"wpdm_icon\" alt=\"Icon\" src=\"https:\/\/adriateh.com\/wp-content\/plugins\/download-manager\/assets\/file-type-icons\/pdf.svg\" \/><\/div>\n            <div class=\"media-body\">\n                <h3 class=\"package-title\"><a href='https:\/\/adriateh.com\/de\/download\/spare-parts-price-list-valid-from-03-04-2023\/'>Spare parts price list - valid from 05\/2024<\/a><\/h3>\n                <div class=\"text-muted text-small\"><i class=\"fas fa-copy\"><\/i> 1 Datei(en) <i class=\"fas fa-hdd ml-3\"><\/i> 300.78 KB<\/div>\n            <\/div>\n            <div class=\"ml-3\">\n                <a href='#unlock' class='wpdm-download-link wpdm-download-locked btn btn-primary ' data-package='3518'>Download<\/a>\n            <\/div>\n        <\/div>\n    <\/div>\n<\/div>\n\n<\/div>\n<p>[\/et_pb_text][et_pb_text _builder_version=&#8220;4.17.3&#8243; _module_preset=&#8220;default&#8220; global_colors_info=&#8220;{}&#8220;]<\/p>\n<div class='w3eden'><!-- WPDM Link Template: Default Template -->\n\n<div class=\"link-template-default card mb-2\">\n    <div class=\"card-body\">\n        <div class=\"media\">\n            <div class=\"mr-3 img-48\"><img decoding=\"async\" class=\"wpdm_icon\" alt=\"Icon\"   src=\"https:\/\/adriateh.com\/wp-content\/plugins\/download-manager\/assets\/file-type-icons\/pdf.svg\" \/><\/div>\n            <div class=\"media-body\">\n                <h3 class=\"package-title\"><a href='https:\/\/adriateh.com\/de\/download\/spare-parts-catalogue-equipment\/'>Spare parts catalogue | Equipment<\/a><\/h3>\n                <div class=\"text-muted text-small\"><i class=\"fas fa-copy\"><\/i> 1 Datei(en) <i class=\"fas fa-hdd ml-3\"><\/i> 45.28 MB<\/div>\n            <\/div>\n            <div class=\"ml-3\">\n                <a href='#unlock' class='wpdm-download-link wpdm-download-locked btn btn-primary ' data-package='3209'>Download<\/a>\n            <\/div>\n        <\/div>\n    <\/div>\n<\/div>\n\n<\/div>\n<p>[\/et_pb_text][et_pb_text _builder_version=&#8220;4.17.3&#8243; _module_preset=&#8220;default&#8220; custom_padding=&#8220;||1px|||&#8220; custom_css_main_element=&#8220;font-family: &#8218;Geogrotesque Cyr&#8216;, -apple-system, BlinkMacSystemFont, &#8218;Segoe UI&#8216;, Roboto, Oxygen, Ubuntu, Cantarell, &#8218;Open Sans&#8216;, &#8218;Helvetica Neue&#8216;, sans-serif;&#8220; global_colors_info=&#8220;{}&#8220;]<\/p>\n<p>Zum Herunterladen des Katalogs ist ein *Benutzerpasswort erforderlich.<\/p>\n<p>[\/et_pb_text][\/et_pb_column][\/et_pb_row][\/et_pb_section][et_pb_section fb_built=&#8220;1&#8243; custom_padding_last_edited=&#8220;off|phone&#8220; admin_label=&#8220;Call to Action&#8220; _builder_version=&#8220;4.17.3&#8243; _module_preset=&#8220;default&#8220; background_color=&#8220;#f8f9fa&#8220; custom_padding=&#8220;0px||0px||false|false&#8220; custom_padding_tablet=&#8220;||0px||false|false&#8220; custom_padding_phone=&#8220;||0px||false|false&#8220; use_background_color_gradient_tablet=&#8220;off&#8220; use_background_color_gradient_phone=&#8220;off&#8220; locked=&#8220;off&#8220; collapsed=&#8220;off&#8220; global_colors_info=&#8220;{}&#8220;][et_pb_row column_structure=&#8220;2_5,3_5&#8243; make_equal=&#8220;on&#8220; custom_padding_last_edited=&#8220;on|tablet&#8220; _builder_version=&#8220;4.17.3&#8243; _module_preset=&#8220;default&#8220; background_color=&#8220;#f0f3fb&#8220; width_tablet=&#8220;100%&#8220; width_phone=&#8220;100%&#8220; width_last_edited=&#8220;off|desktop&#8220; custom_padding=&#8220;||0px||false|false&#8220; custom_padding_tablet=&#8220;0px||0px||false|false&#8220; custom_padding_phone=&#8220;0px||0px||false|false&#8220; background_last_edited=&#8220;off|desktop&#8220; background_enable_color_tablet=&#8220;off&#8220; box_shadow_style=&#8220;preset4&#8243; box_shadow_horizontal=&#8220;-30vw&#8220; box_shadow_vertical=&#8220;0px&#8220; box_shadow_color=&#8220;#cd2234&#8243; global_colors_info=&#8220;{}&#8220;][et_pb_column type=&#8220;2_5&#8243; _builder_version=&#8220;4.16.0&#8243; _module_preset=&#8220;default&#8220; global_colors_info=&#8220;{}&#8220;][et_pb_image src=&#8220;https:\/\/adriateh.com\/wp-content\/uploads\/2022\/05\/adriatech-contact-our-team.png&#8220; title_text=&#8220;adriatech kontaktieren Sie unser Team&#8220; align=&#8220;center&#8220; align_phone=&#8220;left&#8220; align_last_edited=&#8220;off|tablet&#8220; _builder_version=&#8220;4.17.3&#8243; _module_preset=&#8220;default&#8220; positioning=&#8220;absolute&#8220; position_origin_a=&#8220;bottom_left&#8220; position_origin_a_tablet=&#8220;bottom_left&#8220; position_origin_a_phone=&#8220;bottom_left&#8220; position_origin_a_last_edited=&#8220;on|tablet&#8220; position_origin_f_tablet=&#8220;&#8220; position_origin_f_phone=&#8220;&#8220; position_origin_f_last_edited=&#8220;on|tablet&#8220; position_origin_r_tablet=&#8220;&#8220; position_origin_r_phone=&#8220;&#8220; position_origin_r_last_edited=&#8220;on|tablet&#8220; width=&#8220;75%&#8220; width_phone=&#8220;70%&#8220; width_last_edited=&#8220;off|tablet&#8220; max_height_tablet=&#8220;400px&#8220; max_height_phone=&#8220;400px&#8220; max_height_last_edited=&#8220;on|tablet&#8220; positioning_tablet=&#8220;none&#8220; positioning_phone=&#8220;none&#8220; positioning_last_edited=&#8220;on|tablet&#8220; module_alignment_tablet=&#8220;center&#8220; module_alignment_phone=&#8220;center&#8220; module_alignment_last_edited=&#8220;on|tablet&#8220; global_colors_info=&#8220;{}&#8220;][\/et_pb_image][\/et_pb_column][et_pb_column type=&#8220;3_5&#8243; _builder_version=&#8220;4.16.0&#8243; _module_preset=&#8220;default&#8220; custom_padding=&#8220;10%||50px||false|false&#8220; custom_padding_tablet=&#8220;0vw||50px||false|false&#8220; custom_padding_phone=&#8220;||||false|false&#8220; custom_padding_last_edited=&#8220;on|phone&#8220; background_color_tablet=&#8220;#F0F3FB&#8220; background_enable_color_tablet=&#8220;on&#8220; global_colors_info=&#8220;{}&#8220;][et_pb_text _builder_version=&#8220;4.17.3&#8243; _dynamic_attributes=&#8220;content&#8220; _module_preset=&#8220;default&#8220; header_4_font=&#8220;|700||on|||||&#8220; header_4_text_color=&#8220;#000000&#8243; header_4_font_size=&#8220;16px&#8220; header_4_letter_spacing=&#8220;2px&#8220; header_4_line_height=&#8220;1.6em&#8220; custom_margin=&#8220;||0px||false|false&#8220; header_4_font_size_tablet=&#8220;14px&#8220; header_4_font_size_phone=&#8220;12px&#8220; header_4_font_size_last_edited=&#8220;on|phone&#8220; text_orientation_tablet=&#8220;center&#8220; text_orientation_phone=&#8220;center&#8220; text_orientation_last_edited=&#8220;on|tablet&#8220; locked=&#8220;off&#8220; global_colors_info=&#8220;{}&#8220;]@ET-DC@eyJkeW5hbWljIjp0cnVlLCJjb250ZW50IjoicG9zdF90aXRsZSIsInNldHRpbmdzIjp7ImJlZm9yZSI6IjxoND5JbnRlcmVzc2llcnQgYW4gICIsImFmdGVyIjoiPzxcL2g0PiJ9fQ==@[\/et_pb_text][et_pb_text _builder_version=&#8220;4.17.3&#8243; _module_preset=&#8220;default&#8220; header_2_font=&#8220;Montserrat|700|||||||&#8220; header_2_text_color=&#8220;#0F1154&#8243; header_2_font_size=&#8220;60px&#8220; header_2_line_height=&#8220;120%&#8220; header_2_font_size_tablet=&#8220;30px&#8220; header_2_font_size_phone=&#8220;20px&#8220; header_2_font_size_last_edited=&#8220;on|tablet&#8220; text_orientation_tablet=&#8220;center&#8220; text_orientation_phone=&#8220;center&#8220; text_orientation_last_edited=&#8220;on|tablet&#8220; locked=&#8220;off&#8220; global_colors_info=&#8220;{}&#8220;]<\/p>\n<h4>Senden Sie uns eine Anfrage<\/h4>\n<p>[\/et_pb_text][et_pb_button button_url=&#8220;#kontakt&#8220; button_text=&#8220;Anfrage senden&#8220; button_alignment_tablet=&#8220;center&#8220; button_alignment_phone=&#8220;center&#8220; button_alignment_last_edited=&#8220;on|tablet&#8220; module_class=&#8220;popmake-495&#8243; _builder_version=&#8220;4.17.3&#8243; _module_preset=&#8220;default&#8220; custom_button=&#8220;on&#8220; button_text_size=&#8220;18px&#8220; button_text_color=&#8220;#FFFFFF&#8220; button_bg_color=&#8220;#cd2234&#8243; button_border_width=&#8220;0px&#8220; button_border_radius=&#8220;0px&#8220; button_font=&#8220;||||||||&#8220; button_use_icon=&#8220;off&#8220; custom_padding=&#8220;14px|24px|14px|24px|true|true&#8220; button_text_size_tablet=&#8220;&#8220; button_text_size_phone=&#8220;14px&#8220; button_text_size_last_edited=&#8220;on|phone&#8220; global_colors_info=&#8220;{}&#8220;][\/et_pb_button][\/et_pb_column][\/et_pb_row][\/et_pb_section]<\/p>\n","protected":false},"excerpt":{"rendered":"<p>Damit Ihre Waschanlage ohne Unterbrechung arbeiten kann, werden wir Sie routinem\u00e4\u00dfig kontaktieren, um regelm\u00e4\u00dfige Servicekontrollen zu vereinbaren.<\/p>\n","protected":false},"author":1,"featured_media":3734,"parent":6133,"menu_order":0,"comment_status":"closed","ping_status":"closed","template":"","meta":{"_et_pb_use_builder":"on","_et_pb_old_content":"","_et_gb_content_width":"","content-type":"","footnotes":""},"class_list":["post-6127","page","type-page","status-publish","has-post-thumbnail","hentry"],"acf":[],"yoast_head":"<!-- This site is optimized with the Yoast SEO plugin v20.11 - https:\/\/yoast.com\/wordpress\/plugins\/seo\/ -->\n<title>Service-Unterst\u00fctzung - Adriateh<\/title>\n<meta name=\"robots\" content=\"index, follow, max-snippet:-1, max-image-preview:large, max-video-preview:-1\" \/>\n<link rel=\"canonical\" href=\"https:\/\/adriateh.com\/de\/ueber-uns\/service-unterstuetzung\/\" \/>\n<meta property=\"og:locale\" content=\"de_DE\" \/>\n<meta property=\"og:type\" content=\"article\" \/>\n<meta property=\"og:title\" content=\"Service-Unterst\u00fctzung - Adriateh\" \/>\n<meta property=\"og:description\" content=\"Damit Ihre Waschanlage ohne Unterbrechung arbeiten kann, werden wir Sie routinem\u00e4\u00dfig kontaktieren, um regelm\u00e4\u00dfige Servicekontrollen zu vereinbaren.\" \/>\n<meta property=\"og:url\" content=\"https:\/\/adriateh.com\/de\/ueber-uns\/service-unterstuetzung\/\" \/>\n<meta property=\"og:site_name\" content=\"Adriateh\" \/>\n<meta property=\"article:modified_time\" content=\"2026-01-20T13:22:43+00:00\" \/>\n<meta property=\"og:image\" content=\"https:\/\/adriateh.com\/wp-content\/uploads\/2022\/05\/adriateh-podrska-i-servis.jpg\" \/>\n\t<meta property=\"og:image:width\" content=\"2550\" \/>\n\t<meta property=\"og:image:height\" content=\"1700\" \/>\n\t<meta property=\"og:image:type\" content=\"image\/jpeg\" \/>\n<meta name=\"twitter:card\" content=\"summary_large_image\" \/>\n<meta name=\"twitter:label1\" content=\"Gesch\u00e4tzte Lesezeit\" \/>\n\t<meta name=\"twitter:data1\" content=\"8\u00a0Minuten\" \/>\n<script type=\"application\/ld+json\" class=\"yoast-schema-graph\">{\"@context\":\"https:\/\/schema.org\",\"@graph\":[{\"@type\":\"WebPage\",\"@id\":\"https:\/\/adriateh.com\/de\/ueber-uns\/service-unterstuetzung\/\",\"url\":\"https:\/\/adriateh.com\/de\/ueber-uns\/service-unterstuetzung\/\",\"name\":\"Service-Unterst\u00fctzung - Adriateh\",\"isPartOf\":{\"@id\":\"https:\/\/adriateh.com\/de\/#website\"},\"datePublished\":\"2022-04-30T11:59:23+00:00\",\"dateModified\":\"2026-01-20T13:22:43+00:00\",\"breadcrumb\":{\"@id\":\"https:\/\/adriateh.com\/de\/ueber-uns\/service-unterstuetzung\/#breadcrumb\"},\"inLanguage\":\"de\",\"potentialAction\":[{\"@type\":\"ReadAction\",\"target\":[\"https:\/\/adriateh.com\/de\/ueber-uns\/service-unterstuetzung\/\"]}]},{\"@type\":\"BreadcrumbList\",\"@id\":\"https:\/\/adriateh.com\/de\/ueber-uns\/service-unterstuetzung\/#breadcrumb\",\"itemListElement\":[{\"@type\":\"ListItem\",\"position\":1,\"name\":\"Home\",\"item\":\"https:\/\/adriateh.com\/de\/\"},{\"@type\":\"ListItem\",\"position\":2,\"name\":\"\u00dcber uns\",\"item\":\"https:\/\/adriateh.com\/de\/ueber-uns\/\"},{\"@type\":\"ListItem\",\"position\":3,\"name\":\"Service-Unterst\u00fctzung\"}]},{\"@type\":\"WebSite\",\"@id\":\"https:\/\/adriateh.com\/de\/#website\",\"url\":\"https:\/\/adriateh.com\/de\/\",\"name\":\"Adriateh\",\"description\":\"Car Wash Manufacturing Company: Where Technology Meets Art.\",\"potentialAction\":[{\"@type\":\"SearchAction\",\"target\":{\"@type\":\"EntryPoint\",\"urlTemplate\":\"https:\/\/adriateh.com\/de\/?s={search_term_string}\"},\"query-input\":\"required name=search_term_string\"}],\"inLanguage\":\"de\"}]}<\/script>\n<!-- \/ Yoast SEO plugin. -->","yoast_head_json":{"title":"Service-Unterst\u00fctzung - Adriateh","robots":{"index":"index","follow":"follow","max-snippet":"max-snippet:-1","max-image-preview":"max-image-preview:large","max-video-preview":"max-video-preview:-1"},"canonical":"https:\/\/adriateh.com\/de\/ueber-uns\/service-unterstuetzung\/","og_locale":"de_DE","og_type":"article","og_title":"Service-Unterst\u00fctzung - Adriateh","og_description":"Damit Ihre Waschanlage ohne Unterbrechung arbeiten kann, werden wir Sie routinem\u00e4\u00dfig kontaktieren, um regelm\u00e4\u00dfige Servicekontrollen zu vereinbaren.","og_url":"https:\/\/adriateh.com\/de\/ueber-uns\/service-unterstuetzung\/","og_site_name":"Adriateh","article_modified_time":"2026-01-20T13:22:43+00:00","og_image":[{"width":2550,"height":1700,"url":"https:\/\/adriateh.com\/wp-content\/uploads\/2022\/05\/adriateh-podrska-i-servis.jpg","type":"image\/jpeg"}],"twitter_card":"summary_large_image","twitter_misc":{"Gesch\u00e4tzte Lesezeit":"8\u00a0Minuten"},"schema":{"@context":"https:\/\/schema.org","@graph":[{"@type":"WebPage","@id":"https:\/\/adriateh.com\/de\/ueber-uns\/service-unterstuetzung\/","url":"https:\/\/adriateh.com\/de\/ueber-uns\/service-unterstuetzung\/","name":"Service-Unterst\u00fctzung - Adriateh","isPartOf":{"@id":"https:\/\/adriateh.com\/de\/#website"},"datePublished":"2022-04-30T11:59:23+00:00","dateModified":"2026-01-20T13:22:43+00:00","breadcrumb":{"@id":"https:\/\/adriateh.com\/de\/ueber-uns\/service-unterstuetzung\/#breadcrumb"},"inLanguage":"de","potentialAction":[{"@type":"ReadAction","target":["https:\/\/adriateh.com\/de\/ueber-uns\/service-unterstuetzung\/"]}]},{"@type":"BreadcrumbList","@id":"https:\/\/adriateh.com\/de\/ueber-uns\/service-unterstuetzung\/#breadcrumb","itemListElement":[{"@type":"ListItem","position":1,"name":"Home","item":"https:\/\/adriateh.com\/de\/"},{"@type":"ListItem","position":2,"name":"\u00dcber uns","item":"https:\/\/adriateh.com\/de\/ueber-uns\/"},{"@type":"ListItem","position":3,"name":"Service-Unterst\u00fctzung"}]},{"@type":"WebSite","@id":"https:\/\/adriateh.com\/de\/#website","url":"https:\/\/adriateh.com\/de\/","name":"Adriateh","description":"Car Wash Manufacturing Company: Where Technology Meets Art.","potentialAction":[{"@type":"SearchAction","target":{"@type":"EntryPoint","urlTemplate":"https:\/\/adriateh.com\/de\/?s={search_term_string}"},"query-input":"required name=search_term_string"}],"inLanguage":"de"}]}},"_links":{"self":[{"href":"https:\/\/adriateh.com\/de\/wp-json\/wp\/v2\/pages\/6127","targetHints":{"allow":["GET"]}}],"collection":[{"href":"https:\/\/adriateh.com\/de\/wp-json\/wp\/v2\/pages"}],"about":[{"href":"https:\/\/adriateh.com\/de\/wp-json\/wp\/v2\/types\/page"}],"author":[{"embeddable":true,"href":"https:\/\/adriateh.com\/de\/wp-json\/wp\/v2\/users\/1"}],"replies":[{"embeddable":true,"href":"https:\/\/adriateh.com\/de\/wp-json\/wp\/v2\/comments?post=6127"}],"version-history":[{"count":2,"href":"https:\/\/adriateh.com\/de\/wp-json\/wp\/v2\/pages\/6127\/revisions"}],"predecessor-version":[{"id":6129,"href":"https:\/\/adriateh.com\/de\/wp-json\/wp\/v2\/pages\/6127\/revisions\/6129"}],"up":[{"embeddable":true,"href":"https:\/\/adriateh.com\/de\/wp-json\/wp\/v2\/pages\/6133"}],"wp:featuredmedia":[{"embeddable":true,"href":"https:\/\/adriateh.com\/de\/wp-json\/wp\/v2\/media\/3734"}],"wp:attachment":[{"href":"https:\/\/adriateh.com\/de\/wp-json\/wp\/v2\/media?parent=6127"}],"curies":[{"name":"wp","href":"https:\/\/api.w.org\/{rel}","templated":true}]}}